{"id":1961,"date":"2022-06-02T21:53:09","date_gmt":"2022-06-02T13:53:09","guid":{"rendered":"https:\/\/leeknives.com\/?post_type=product&#038;p=1961"},"modified":"2023-12-22T16:04:34","modified_gmt":"2023-12-22T08:04:34","slug":"gyuto-lkjgy10005","status":"publish","type":"product","link":"https:\/\/leeknives.com\/de\/products\/gyuto-lkjgy10005\/","title":{"rendered":"Damascus Clad 9Cr18Mov Achteckiger stabilisierter Holz-Wa-Griff Gyuto 210 mm LKJGY10005"},"content":{"rendered":"","protected":false},"excerpt":{"rendered":"<h3>Hauptmerkmale<\/h3>\n<ul>\n<li>Das Messer verf\u00fcgt \u00fcber einen Kern aus 9Cr18Mov, der mit rostfreiem Damaszenerstahl ummantelt ist. Die Klinge erreicht die gew\u00fcnschte Sch\u00e4rfe, ohne Kompromisse bei der Haltbarkeit einzugehen.<\/li>\n<li>Das 210 mm gro\u00dfe Gyuto ist mittelschwer. Doppelter Schr\u00e4gschliff f\u00fcr die Zubereitung mehrerer Zutaten.<\/li>\n<li>Der Wa-Griff gibt ein gro\u00dfartiges Feedback in der Hand: Nicht superschwer, aber auch nicht zu leicht, um die Kontrollierbarkeit zu verlieren.<\/li>\n<\/ul>\n<h3>Gut f\u00fcr<\/h3>\n<p>Fleisch, Fisch, Gem\u00fcse, Obst, Kr\u00e4uter<\/p>","protected":false},"featured_media":7538,"template":"","meta":{"inline_featured_image":false},"product_brand":[],"product_cat":[64],"product_tag":[],"class_list":{"0":"post-1961","1":"product","2":"type-product","3":"status-publish","4":"has-post-thumbnail","6":"product_cat-gyuto","7":"pa_blade-material-9cr18mov","8":"pa_blade-material-damascus-steel","9":"sales-flash-overlay","10":"woocommerce-text-align-left","11":"woocommerce-image-align-center","12":"do-quantity-buttons","14":"first","15":"instock","16":"shipping-taxable","17":"product-type-simple"},"_links":{"self":[{"href":"https:\/\/leeknives.com\/de\/wp-json\/wp\/v2\/product\/1961","targetHints":{"allow":["GET"]}}],"collection":[{"href":"https:\/\/leeknives.com\/de\/wp-json\/wp\/v2\/product"}],"about":[{"href":"https:\/\/leeknives.com\/de\/wp-json\/wp\/v2\/types\/product"}],"wp:featuredmedia":[{"embeddable":true,"href":"https:\/\/leeknives.com\/de\/wp-json\/wp\/v2\/media\/7538"}],"wp:attachment":[{"href":"https:\/\/leeknives.com\/de\/wp-json\/wp\/v2\/media?parent=1961"}],"wp:term":[{"taxonomy":"product_brand","embeddable":true,"href":"https:\/\/leeknives.com\/de\/wp-json\/wp\/v2\/product_brand?post=1961"},{"taxonomy":"product_cat","embeddable":true,"href":"https:\/\/leeknives.com\/de\/wp-json\/wp\/v2\/product_cat?post=1961"},{"taxonomy":"product_tag","embeddable":true,"href":"https:\/\/leeknives.com\/de\/wp-json\/wp\/v2\/product_tag?post=1961"}],"curies":[{"name":"wp","href":"https:\/\/api.w.org\/{rel}","templated":true}]}}