{"id":1963,"date":"2022-06-02T21:58:24","date_gmt":"2022-06-02T13:58:24","guid":{"rendered":"https:\/\/leeknives.com\/?post_type=product&#038;p=1963"},"modified":"2023-12-22T16:04:16","modified_gmt":"2023-12-22T08:04:16","slug":"gyuto-lkjgy10006","status":"publish","type":"product","link":"https:\/\/leeknives.com\/de\/gyuto-lkjgy10006\/","title":{"rendered":"Damascus Clad 9Cr18Mov Oval Stabilized Wood Gyuto 210 mm LKJGY10006"},"content":{"rendered":"","protected":false},"excerpt":{"rendered":"<h3>Hauptmerkmale<\/h3>\n<ul>\n<li>Damaszener Edelstahl, geschmiedet aus 9Cr18Mov-Stahl mit hohem Kohlenstoffgehalt. Bietet eine hervorragende H\u00e4rte der Klingenkante, w\u00e4hrend die \u00e4u\u00dfere Edelstahlschicht sie vor chemischen Reaktionen mit Luft und Wasser sch\u00fctzt.<\/li>\n<li>Das japanische Gyuto eignet sich f\u00fcr die Zubereitung aller Arten von Mahlzeiten. Sie k\u00f6nnen das Gyuto bequem f\u00fcr Fleisch, Gem\u00fcse und weichschalige Fr\u00fcchte verwenden.<\/li>\n<li>Der Griff wurde sowohl vom japanischen als auch vom westlichen Design beeinflusst. Die ovale Form und der verschwei\u00dfte Kropf sind eine Mischung aus zwei verschiedenen Kulturen.<\/li>\n<\/ul>\n<h3>Gut f\u00fcr<\/h3>\n<p>Fleisch, Fisch, Gem\u00fcse, Obst, Kr\u00e4uter<\/p>","protected":false},"featured_media":7539,"template":"","meta":{"inline_featured_image":false},"product_brand":[],"product_cat":[64],"product_tag":[],"class_list":{"0":"post-1963","1":"product","2":"type-product","3":"status-publish","4":"has-post-thumbnail","6":"product_cat-gyuto","7":"pa_blade-material-9cr18mov","8":"pa_blade-material-damascus-steel","9":"sales-flash-overlay","10":"woocommerce-text-align-left","11":"woocommerce-image-align-center","12":"do-quantity-buttons","14":"first","15":"instock","16":"shipping-taxable","17":"product-type-simple"},"_links":{"self":[{"href":"https:\/\/leeknives.com\/de\/wp-json\/wp\/v2\/product\/1963","targetHints":{"allow":["GET"]}}],"collection":[{"href":"https:\/\/leeknives.com\/de\/wp-json\/wp\/v2\/product"}],"about":[{"href":"https:\/\/leeknives.com\/de\/wp-json\/wp\/v2\/types\/product"}],"wp:featuredmedia":[{"embeddable":true,"href":"https:\/\/leeknives.com\/de\/wp-json\/wp\/v2\/media\/7539"}],"wp:attachment":[{"href":"https:\/\/leeknives.com\/de\/wp-json\/wp\/v2\/media?parent=1963"}],"wp:term":[{"taxonomy":"product_brand","embeddable":true,"href":"https:\/\/leeknives.com\/de\/wp-json\/wp\/v2\/product_brand?post=1963"},{"taxonomy":"product_cat","embeddable":true,"href":"https:\/\/leeknives.com\/de\/wp-json\/wp\/v2\/product_cat?post=1963"},{"taxonomy":"product_tag","embeddable":true,"href":"https:\/\/leeknives.com\/de\/wp-json\/wp\/v2\/product_tag?post=1963"}],"curies":[{"name":"wp","href":"https:\/\/api.w.org\/{rel}","templated":true}]}}