{"id":1964,"date":"2022-06-02T22:00:46","date_gmt":"2022-06-02T14:00:46","guid":{"rendered":"https:\/\/leeknives.com\/?post_type=product&#038;p=1964"},"modified":"2023-12-22T16:04:02","modified_gmt":"2023-12-22T08:04:02","slug":"santoku-lkjso10004","status":"publish","type":"product","link":"https:\/\/leeknives.com\/de\/products\/santoku-lkjso10004\/","title":{"rendered":"Damascus Clad 9Cr18Mov Oval Stabilized Wood Santoku 180 mm LKJSO10004"},"content":{"rendered":"","protected":false},"excerpt":{"rendered":"<h3>Hauptmerkmale<\/h3>\n<ul>\n<li>Dieses Santoku-Messer (Drei-Tugenden-Messer) macht seinem Namen alle Ehre und eignet sich hervorragend zum Schneiden von Fleisch, Fisch und Gem\u00fcse.<\/li>\n<li>Zweilagige Klinge. Mit rostfreiem Damaszenerstahl auf 9Cr18Mov-Stahl beschichtet. Das Messer bietet eine zufriedenstellende Sch\u00e4rfe und beh\u00e4lt gleichzeitig seine Haltbarkeit und Korrosionsbest\u00e4ndigkeit.<\/li>\n<li>Durch den geschwei\u00dften Kropf ist das Messer in der Mitte ausbalanciert, sodass Hobbyk\u00f6che es leichter haben, verschiedene Schnitte zu kontrollieren und auszuprobieren.<\/li>\n<\/ul>\n<h3>Gut f\u00fcr<\/h3>\n<p>Fleisch, Fisch, Gem\u00fcse, Obst, Kr\u00e4uter<\/p>","protected":false},"featured_media":7560,"template":"","meta":{"inline_featured_image":false},"product_brand":[],"product_cat":[65],"product_tag":[],"class_list":{"0":"post-1964","1":"product","2":"type-product","3":"status-publish","4":"has-post-thumbnail","6":"product_cat-santoku","7":"pa_blade-material-9cr18mov","8":"pa_blade-material-damascus-steel","9":"sales-flash-overlay","10":"woocommerce-text-align-left","11":"woocommerce-image-align-center","12":"do-quantity-buttons","14":"first","15":"instock","16":"shipping-taxable","17":"product-type-simple"},"_links":{"self":[{"href":"https:\/\/leeknives.com\/de\/wp-json\/wp\/v2\/product\/1964","targetHints":{"allow":["GET"]}}],"collection":[{"href":"https:\/\/leeknives.com\/de\/wp-json\/wp\/v2\/product"}],"about":[{"href":"https:\/\/leeknives.com\/de\/wp-json\/wp\/v2\/types\/product"}],"wp:featuredmedia":[{"embeddable":true,"href":"https:\/\/leeknives.com\/de\/wp-json\/wp\/v2\/media\/7560"}],"wp:attachment":[{"href":"https:\/\/leeknives.com\/de\/wp-json\/wp\/v2\/media?parent=1964"}],"wp:term":[{"taxonomy":"product_brand","embeddable":true,"href":"https:\/\/leeknives.com\/de\/wp-json\/wp\/v2\/product_brand?post=1964"},{"taxonomy":"product_cat","embeddable":true,"href":"https:\/\/leeknives.com\/de\/wp-json\/wp\/v2\/product_cat?post=1964"},{"taxonomy":"product_tag","embeddable":true,"href":"https:\/\/leeknives.com\/de\/wp-json\/wp\/v2\/product_tag?post=1964"}],"curies":[{"name":"wp","href":"https:\/\/api.w.org\/{rel}","templated":true}]}}