{"id":1965,"date":"2022-06-02T22:03:02","date_gmt":"2022-06-02T14:03:02","guid":{"rendered":"https:\/\/leeknives.com\/?post_type=product&#038;p=1965"},"modified":"2023-12-22T16:03:49","modified_gmt":"2023-12-22T08:03:49","slug":"chukabocho-lkjcb10001","status":"publish","type":"product","link":"https:\/\/leeknives.com\/de\/chukabocho-lkjcb10001\/","title":{"rendered":"Damascus Clad 9Cr18Mov Oval Stabilized Wood Chukabocho 190 mm LKJCB10001"},"content":{"rendered":"","protected":false},"excerpt":{"rendered":"<h3>Hauptmerkmale<\/h3>\n<ul>\n<li>Dieses Allzweckmesser Chukabocho wurde vom chinesischen Cai Dao inspiriert. Es hat dessen Vielseitigkeit \u00fcbernommen und wurde als \u201eArbeitsmesser\u201c f\u00fcr die K\u00fcche konzipiert.<\/li>\n<li>Durch die Verwendung von hochhartem 9Cr18Mov-Stahl und rostfreiem Damaszenerstahl beh\u00e4lt die Klinge des Messers eine gute Sch\u00e4rfe und verformt sich nicht so leicht.<\/li>\n<li>Gut konstruierter, stabilisierter Holzgriff mit farbigem Harz. Der Griff zeichnet sich durch seine Widerstandsf\u00e4higkeit gegen allt\u00e4gliche Besch\u00e4digungen aus.<\/li>\n<\/ul>\n<h3>Gut f\u00fcr<\/h3>\n<p>Fleisch, Fisch, Gem\u00fcse, Obst, Kr\u00e4uter<\/p>","protected":false},"featured_media":7532,"template":"","meta":{"inline_featured_image":false},"product_brand":[],"product_cat":[75],"product_tag":[],"class_list":{"0":"post-1965","1":"product","2":"type-product","3":"status-publish","4":"has-post-thumbnail","6":"product_cat-chukabocho","7":"pa_blade-material-9cr18mov","8":"pa_blade-material-damascus-steel","9":"sales-flash-overlay","10":"woocommerce-text-align-left","11":"woocommerce-image-align-center","12":"do-quantity-buttons","14":"first","15":"instock","16":"shipping-taxable","17":"product-type-simple"},"_links":{"self":[{"href":"https:\/\/leeknives.com\/de\/wp-json\/wp\/v2\/product\/1965","targetHints":{"allow":["GET"]}}],"collection":[{"href":"https:\/\/leeknives.com\/de\/wp-json\/wp\/v2\/product"}],"about":[{"href":"https:\/\/leeknives.com\/de\/wp-json\/wp\/v2\/types\/product"}],"wp:featuredmedia":[{"embeddable":true,"href":"https:\/\/leeknives.com\/de\/wp-json\/wp\/v2\/media\/7532"}],"wp:attachment":[{"href":"https:\/\/leeknives.com\/de\/wp-json\/wp\/v2\/media?parent=1965"}],"wp:term":[{"taxonomy":"product_brand","embeddable":true,"href":"https:\/\/leeknives.com\/de\/wp-json\/wp\/v2\/product_brand?post=1965"},{"taxonomy":"product_cat","embeddable":true,"href":"https:\/\/leeknives.com\/de\/wp-json\/wp\/v2\/product_cat?post=1965"},{"taxonomy":"product_tag","embeddable":true,"href":"https:\/\/leeknives.com\/de\/wp-json\/wp\/v2\/product_tag?post=1965"}],"curies":[{"name":"wp","href":"https:\/\/api.w.org\/{rel}","templated":true}]}}