{"id":1966,"date":"2022-06-02T22:05:06","date_gmt":"2022-06-02T14:05:06","guid":{"rendered":"https:\/\/leeknives.com\/?post_type=product&#038;p=1966"},"modified":"2023-12-22T16:03:31","modified_gmt":"2023-12-22T08:03:31","slug":"gyuto-lkjgy10007","status":"publish","type":"product","link":"https:\/\/leeknives.com\/de\/products\/gyuto-lkjgy10007\/","title":{"rendered":"Damascus Clad 9Cr18Mov Oval Stabilized Wood Gyuto 240 mm LKJGY10007"},"content":{"rendered":"","protected":false},"excerpt":{"rendered":"<h3>Hauptmerkmale<\/h3>\n<ul>\n<li>Rostfreier 420\/430-beschichteter 9Cr18Mov. Aufgrund der unterschiedlichen Stahlschichten bleibt die Schneide scharf, w\u00e4hrend das Klingenprofil deutlich widerstandsf\u00e4higer ist.<\/li>\n<li>Gyuto ist als Arbeitsmesser bekannt. Mit einer Klingenl\u00e4nge von 240 mm kann es noch mehr Zutaten unterschiedlicher Gr\u00f6\u00dfe verarbeiten.<\/li>\n<li>Geschwei\u00dfter Kropf oben am Messergriff f\u00fcr zus\u00e4tzliche Sicherheit der H\u00e4nde.<\/li>\n<\/ul>\n<h3>Gut f\u00fcr<\/h3>\n<p>Fleisch, Fisch, Gem\u00fcse, Obst, Kr\u00e4uter<\/p>","protected":false},"featured_media":7540,"template":"","meta":{"inline_featured_image":false},"product_brand":[],"product_cat":[64],"product_tag":[],"class_list":{"0":"post-1966","1":"product","2":"type-product","3":"status-publish","4":"has-post-thumbnail","6":"product_cat-gyuto","7":"pa_blade-material-9cr18mov","8":"pa_blade-material-damascus-steel","9":"sales-flash-overlay","10":"woocommerce-text-align-left","11":"woocommerce-image-align-center","12":"do-quantity-buttons","14":"first","15":"instock","16":"shipping-taxable","17":"product-type-simple"},"_links":{"self":[{"href":"https:\/\/leeknives.com\/de\/wp-json\/wp\/v2\/product\/1966","targetHints":{"allow":["GET"]}}],"collection":[{"href":"https:\/\/leeknives.com\/de\/wp-json\/wp\/v2\/product"}],"about":[{"href":"https:\/\/leeknives.com\/de\/wp-json\/wp\/v2\/types\/product"}],"wp:featuredmedia":[{"embeddable":true,"href":"https:\/\/leeknives.com\/de\/wp-json\/wp\/v2\/media\/7540"}],"wp:attachment":[{"href":"https:\/\/leeknives.com\/de\/wp-json\/wp\/v2\/media?parent=1966"}],"wp:term":[{"taxonomy":"product_brand","embeddable":true,"href":"https:\/\/leeknives.com\/de\/wp-json\/wp\/v2\/product_brand?post=1966"},{"taxonomy":"product_cat","embeddable":true,"href":"https:\/\/leeknives.com\/de\/wp-json\/wp\/v2\/product_cat?post=1966"},{"taxonomy":"product_tag","embeddable":true,"href":"https:\/\/leeknives.com\/de\/wp-json\/wp\/v2\/product_tag?post=1966"}],"curies":[{"name":"wp","href":"https:\/\/api.w.org\/{rel}","templated":true}]}}