{"id":1968,"date":"2022-06-02T22:07:46","date_gmt":"2022-06-02T14:07:46","guid":{"rendered":"https:\/\/leeknives.com\/?post_type=product&#038;p=1968"},"modified":"2023-12-22T16:03:20","modified_gmt":"2023-12-22T08:03:20","slug":"brotmesser-lkjpk10001","status":"publish","type":"product","link":"https:\/\/leeknives.com\/de\/bread-knife-lkjpk10001\/","title":{"rendered":"Damast-beschichtetes 9Cr18Mov-Brotmesser aus stabilisiertem Holz, oval, 200 mm, LKJPK10001"},"content":{"rendered":"","protected":false},"excerpt":{"rendered":"<h3>Hauptmerkmale<\/h3>\n<ul>\n<li>Mustergeschwei\u00dftes Damastmesser. Die gezackte Schneide wurde aus 9Cr18Mov-Stahl gefertigt, w\u00e4hrend der geschichtete Edelstahl als Schutz dient.<\/li>\n<li>200 mm langes Brotmesser mit beidseitigem Anschliff. Dank der gro\u00dfz\u00fcgigen Klingenl\u00e4nge k\u00f6nnen K\u00f6che jedes Brot oder Geb\u00e4ck m\u00fchelos s\u00e4gen.<\/li>\n<li>Nutzen Sie den geschwei\u00dften Kropf zwischen Griff und Klinge. Der Kropf bietet zus\u00e4tzlichen Schutz vor versehentlichem Abrutschen der Finger.<\/li>\n<\/ul>\n<h3>Gut f\u00fcr<\/h3>\n<p>Brot, Kuchen, Torten, Gem\u00fcse, Obst<\/p>","protected":false},"featured_media":7554,"template":"","meta":{"inline_featured_image":false},"product_brand":[],"product_cat":[77],"product_tag":[],"class_list":{"0":"post-1968","1":"product","2":"type-product","3":"status-publish","4":"has-post-thumbnail","6":"product_cat-jp-bread-knives","7":"pa_blade-material-9cr18mov","8":"pa_blade-material-damascus-steel","9":"sales-flash-overlay","10":"woocommerce-text-align-left","11":"woocommerce-image-align-center","12":"do-quantity-buttons","14":"first","15":"instock","16":"shipping-taxable","17":"product-type-simple"},"_links":{"self":[{"href":"https:\/\/leeknives.com\/de\/wp-json\/wp\/v2\/product\/1968","targetHints":{"allow":["GET"]}}],"collection":[{"href":"https:\/\/leeknives.com\/de\/wp-json\/wp\/v2\/product"}],"about":[{"href":"https:\/\/leeknives.com\/de\/wp-json\/wp\/v2\/types\/product"}],"wp:featuredmedia":[{"embeddable":true,"href":"https:\/\/leeknives.com\/de\/wp-json\/wp\/v2\/media\/7554"}],"wp:attachment":[{"href":"https:\/\/leeknives.com\/de\/wp-json\/wp\/v2\/media?parent=1968"}],"wp:term":[{"taxonomy":"product_brand","embeddable":true,"href":"https:\/\/leeknives.com\/de\/wp-json\/wp\/v2\/product_brand?post=1968"},{"taxonomy":"product_cat","embeddable":true,"href":"https:\/\/leeknives.com\/de\/wp-json\/wp\/v2\/product_cat?post=1968"},{"taxonomy":"product_tag","embeddable":true,"href":"https:\/\/leeknives.com\/de\/wp-json\/wp\/v2\/product_tag?post=1968"}],"curies":[{"name":"wp","href":"https:\/\/api.w.org\/{rel}","templated":true}]}}