{"id":1969,"date":"2022-06-02T22:10:21","date_gmt":"2022-06-02T14:10:21","guid":{"rendered":"https:\/\/leeknives.com\/?post_type=product&#038;p=1969"},"modified":"2023-12-22T16:03:07","modified_gmt":"2023-12-22T08:03:07","slug":"kleines-universalmesser-lkjpr10001","status":"publish","type":"product","link":"https:\/\/leeknives.com\/de\/petty-utility-knife-lkjpr10001\/","title":{"rendered":"Damascus Clad 9Cr18Mov Oval Stabilized Wood Petty\/Universalmesser 110 mm LKJPR10001"},"content":{"rendered":"","protected":false},"excerpt":{"rendered":"<h3>Hauptmerkmale<\/h3>\n<ul>\n<li>Allzweck-K\u00fcchenmesser. Eignet sich gut zum Schneiden von zarten Fleischst\u00fccken, Gem\u00fcse und Obst.<\/li>\n<li>Um eine l\u00e4ngere Nutzungsdauer zu gew\u00e4hrleisten, wurde das Messer aus zwei verschiedenen Stahlsorten geschmiedet. Der kohlenstoffreiche 9Cr18Mov sorgt f\u00fcr Sch\u00e4rfe, w\u00e4hrend der rostfreie Stahl f\u00fcr Verschlei\u00dffestigkeit sorgt.<\/li>\n<li>Stabilisierter Holzgriff mit Harzspritzung. Reagiert nicht gut auf Feuchtigkeit, ein ausgezeichnetes Material zur Vermeidung von Wassersch\u00e4den.<\/li>\n<\/ul>\n<h3>Gut f\u00fcr<\/h3>\n<p>Fleisch, Fisch, Gem\u00fcse, Obst, Kr\u00e4uter<\/p>","protected":false},"featured_media":7555,"template":"","meta":{"inline_featured_image":false},"product_brand":[],"product_cat":[76],"product_tag":[],"class_list":{"0":"post-1969","1":"product","2":"type-product","3":"status-publish","4":"has-post-thumbnail","6":"product_cat-petty","7":"pa_blade-material-9cr18mov","8":"pa_blade-material-damascus-steel","9":"sales-flash-overlay","10":"woocommerce-text-align-left","11":"woocommerce-image-align-center","12":"do-quantity-buttons","14":"first","15":"instock","16":"shipping-taxable","17":"product-type-simple"},"_links":{"self":[{"href":"https:\/\/leeknives.com\/de\/wp-json\/wp\/v2\/product\/1969","targetHints":{"allow":["GET"]}}],"collection":[{"href":"https:\/\/leeknives.com\/de\/wp-json\/wp\/v2\/product"}],"about":[{"href":"https:\/\/leeknives.com\/de\/wp-json\/wp\/v2\/types\/product"}],"wp:featuredmedia":[{"embeddable":true,"href":"https:\/\/leeknives.com\/de\/wp-json\/wp\/v2\/media\/7555"}],"wp:attachment":[{"href":"https:\/\/leeknives.com\/de\/wp-json\/wp\/v2\/media?parent=1969"}],"wp:term":[{"taxonomy":"product_brand","embeddable":true,"href":"https:\/\/leeknives.com\/de\/wp-json\/wp\/v2\/product_brand?post=1969"},{"taxonomy":"product_cat","embeddable":true,"href":"https:\/\/leeknives.com\/de\/wp-json\/wp\/v2\/product_cat?post=1969"},{"taxonomy":"product_tag","embeddable":true,"href":"https:\/\/leeknives.com\/de\/wp-json\/wp\/v2\/product_tag?post=1969"}],"curies":[{"name":"wp","href":"https:\/\/api.w.org\/{rel}","templated":true}]}}