{"id":2883,"date":"2022-06-24T19:55:59","date_gmt":"2022-06-24T11:55:59","guid":{"rendered":"https:\/\/leeknives.com\/?post_type=product&#038;p=2883"},"modified":"2023-12-22T16:01:34","modified_gmt":"2023-12-22T08:01:34","slug":"fleischermesser-lkspk10007","status":"publish","type":"product","link":"https:\/\/leeknives.com\/de\/butcher-knife-lkspk10007\/","title":{"rendered":"5Cr15 Fleischermesser mit Holzgriff, 146 mm, geh\u00e4mmerte Oberfl\u00e4che, LKSPK10007"},"content":{"rendered":"","protected":false},"excerpt":{"rendered":"<p>Optionale Lederscheiden sind in zwei Ausf\u00fchrungen erh\u00e4ltlich.<\/p>\n<h3>Hauptmerkmale<\/h3>\n<ul>\n<li>Erstklassiges Fleischermesser. Praktisch f\u00fcr den Einsatz im Freien zum Schneiden von Fleisch, Fisch, Gem\u00fcse und Obst.<\/li>\n<li>Der langlebigste Holzgriff mit durchgehendem Erl. Das geh\u00e4mmerte Klingenmuster sorgt f\u00fcr eine einzigartige \u00c4sthetik.<\/li>\n<li>Das Messer ist in zwei Ausf\u00fchrungen mit Lederscheiden erh\u00e4ltlich. Kaufen Sie diese separat und erm\u00f6glichen Sie Ihren Kunden, das Messer bequem bei sich zu tragen.<\/li>\n<\/ul>\n<h3>Gut f\u00fcr<\/h3>\n<p>Fleisch, Fisch, Gem\u00fcse, Obst, Kr\u00e4uter<\/p>","protected":false},"featured_media":7805,"template":"","meta":{"inline_featured_image":false},"product_brand":[],"product_cat":[98,81],"product_tag":[],"class_list":{"0":"post-2883","1":"product","2":"type-product","3":"status-publish","4":"has-post-thumbnail","6":"product_cat-dropshipping-winning-products","7":"product_cat-specialty-knives","8":"pa_blade-material-5cr15","9":"sales-flash-overlay","10":"woocommerce-text-align-left","11":"woocommerce-image-align-center","12":"do-quantity-buttons","13":"wc-has-gallery","15":"first","16":"instock","17":"shipping-taxable","18":"product-type-simple"},"_links":{"self":[{"href":"https:\/\/leeknives.com\/de\/wp-json\/wp\/v2\/product\/2883","targetHints":{"allow":["GET"]}}],"collection":[{"href":"https:\/\/leeknives.com\/de\/wp-json\/wp\/v2\/product"}],"about":[{"href":"https:\/\/leeknives.com\/de\/wp-json\/wp\/v2\/types\/product"}],"wp:featuredmedia":[{"embeddable":true,"href":"https:\/\/leeknives.com\/de\/wp-json\/wp\/v2\/media\/7805"}],"wp:attachment":[{"href":"https:\/\/leeknives.com\/de\/wp-json\/wp\/v2\/media?parent=2883"}],"wp:term":[{"taxonomy":"product_brand","embeddable":true,"href":"https:\/\/leeknives.com\/de\/wp-json\/wp\/v2\/product_brand?post=2883"},{"taxonomy":"product_cat","embeddable":true,"href":"https:\/\/leeknives.com\/de\/wp-json\/wp\/v2\/product_cat?post=2883"},{"taxonomy":"product_tag","embeddable":true,"href":"https:\/\/leeknives.com\/de\/wp-json\/wp\/v2\/product_tag?post=2883"}],"curies":[{"name":"wp","href":"https:\/\/api.w.org\/{rel}","templated":true}]}}