{"id":2884,"date":"2022-06-24T20:02:13","date_gmt":"2022-06-24T12:02:13","guid":{"rendered":"https:\/\/leeknives.com\/?post_type=product&#038;p=2884"},"modified":"2023-12-22T16:01:22","modified_gmt":"2023-12-22T08:01:22","slug":"chinesisches-hackmesser-lkcck10007","status":"publish","type":"product","link":"https:\/\/leeknives.com\/de\/chinese-chopping-knife-lkcck10007\/","title":{"rendered":"Damast-beschichtetes 10Cr15CoMoV-Palisander-Chinesisches Hackmesser 190 mm LKCCK10007"},"content":{"rendered":"","protected":false},"excerpt":{"rendered":"<h3>Hauptmerkmale<\/h3>\n<ul>\n<li>10Cr15CoMoV-Stahl mit hohem Kohlenstoffgehalt, zusammen mit Edelstahl geschmiedet. Die einzigartige Schmiedetechnik verleiht der Klinge hervorragende Sch\u00e4rfe und Haltbarkeit.<\/li>\n<li>Chinesisches Wiegemesser mit unkonventionellem, geschwungenem Design an der Spitze. F\u00fcr eine Reihe von Zutaten geeignet, von Gefl\u00fcgel bis Gem\u00fcse.<\/li>\n<li>Der Griff wurde aus zwei verschiedenen Naturholzarten gefertigt: Ebenholz als obere H\u00e4lfte und Palisander als untere H\u00e4lfte.<\/li>\n<\/ul>\n<h3>Gut f\u00fcr<\/h3>\n<p>Gefl\u00fcgel, Fleisch, Fisch, Gem\u00fcse, Obst<\/p>","protected":false},"featured_media":7441,"template":"","meta":{"inline_featured_image":false},"product_brand":[],"product_cat":[98,78],"product_tag":[],"class_list":{"0":"post-2884","1":"product","2":"type-product","3":"status-publish","4":"has-post-thumbnail","6":"product_cat-dropshipping-winning-products","7":"product_cat-choppers","8":"pa_blade-material-10cr15comov","9":"pa_blade-material-damascus-steel","10":"sales-flash-overlay","11":"woocommerce-text-align-left","12":"woocommerce-image-align-center","13":"do-quantity-buttons","14":"wc-has-gallery","16":"first","17":"outofstock","18":"shipping-taxable","19":"purchasable","20":"product-type-simple"},"_links":{"self":[{"href":"https:\/\/leeknives.com\/de\/wp-json\/wp\/v2\/product\/2884","targetHints":{"allow":["GET"]}}],"collection":[{"href":"https:\/\/leeknives.com\/de\/wp-json\/wp\/v2\/product"}],"about":[{"href":"https:\/\/leeknives.com\/de\/wp-json\/wp\/v2\/types\/product"}],"wp:featuredmedia":[{"embeddable":true,"href":"https:\/\/leeknives.com\/de\/wp-json\/wp\/v2\/media\/7441"}],"wp:attachment":[{"href":"https:\/\/leeknives.com\/de\/wp-json\/wp\/v2\/media?parent=2884"}],"wp:term":[{"taxonomy":"product_brand","embeddable":true,"href":"https:\/\/leeknives.com\/de\/wp-json\/wp\/v2\/product_brand?post=2884"},{"taxonomy":"product_cat","embeddable":true,"href":"https:\/\/leeknives.com\/de\/wp-json\/wp\/v2\/product_cat?post=2884"},{"taxonomy":"product_tag","embeddable":true,"href":"https:\/\/leeknives.com\/de\/wp-json\/wp\/v2\/product_tag?post=2884"}],"curies":[{"name":"wp","href":"https:\/\/api.w.org\/{rel}","templated":true}]}}