{"id":2885,"date":"2022-06-24T20:14:04","date_gmt":"2022-06-24T12:14:04","guid":{"rendered":"https:\/\/leeknives.com\/?post_type=product&#038;p=2885"},"modified":"2023-12-22T16:00:17","modified_gmt":"2023-12-22T08:00:17","slug":"kuchenmesserset-lkkse10001","status":"publish","type":"product","link":"https:\/\/leeknives.com\/de\/products\/kitchen-knife-set-lkkse10001\/","title":{"rendered":"5Cr15 Harz Griff Edelstahl K\u00fcche Messer Set Damaskus Laser Muster LKKSE10001"},"content":{"rendered":"","protected":false},"excerpt":{"rendered":"<p>Messer k\u00f6nnen einzeln oder im Paket erworben werden.<\/p>\n<h3>Hauptmerkmale<\/h3>\n<ul>\n<li>Klinge aus rostfreiem 5Cr15-Stahl mit \u00fcberragender Haltbarkeit, Rostbest\u00e4ndigkeit und Nachsch\u00e4rfbarkeit.<\/li>\n<li>Inklusive Sammlerset. Alle Messer sind mit dem Damastmuster graviert, Sie k\u00f6nnen sie einzeln oder im Bundle erwerben.<\/li>\n<li>Griff aus reinem, hinrei\u00dfendem Harz, verschwei\u00dft mit Halbpolster. Sie k\u00f6nnen zwischen den Farben Blau, Gr\u00fcn und Rot f\u00fcr den Harzgriff w\u00e4hlen.<\/li>\n<\/ul>\n<h3>Enth\u00e4lt<\/h3>\n<p>Komplett 10-teilig: Kochmesser, Kiritsuke, Tranchiermesser, Brotmesser, 7\u2033 Santoku, Nakiri, Ausbeinmesser, 5\u2033 Santoku, Allzweckmesser, Sch\u00e4lmesser<\/p>","protected":false},"featured_media":7592,"template":"","meta":{"inline_featured_image":false},"product_brand":[],"product_cat":[98,99],"product_tag":[],"class_list":{"0":"post-2885","1":"product","2":"type-product","3":"status-publish","4":"has-post-thumbnail","6":"product_cat-dropshipping-winning-products","7":"product_cat-kitchen-knife-sets","8":"pa_blade-material-5cr15","9":"sales-flash-overlay","10":"woocommerce-text-align-left","11":"woocommerce-image-align-center","12":"do-quantity-buttons","13":"wc-has-gallery","15":"first","16":"instock","17":"shipping-taxable","18":"product-type-simple"},"_links":{"self":[{"href":"https:\/\/leeknives.com\/de\/wp-json\/wp\/v2\/product\/2885","targetHints":{"allow":["GET"]}}],"collection":[{"href":"https:\/\/leeknives.com\/de\/wp-json\/wp\/v2\/product"}],"about":[{"href":"https:\/\/leeknives.com\/de\/wp-json\/wp\/v2\/types\/product"}],"wp:featuredmedia":[{"embeddable":true,"href":"https:\/\/leeknives.com\/de\/wp-json\/wp\/v2\/media\/7592"}],"wp:attachment":[{"href":"https:\/\/leeknives.com\/de\/wp-json\/wp\/v2\/media?parent=2885"}],"wp:term":[{"taxonomy":"product_brand","embeddable":true,"href":"https:\/\/leeknives.com\/de\/wp-json\/wp\/v2\/product_brand?post=2885"},{"taxonomy":"product_cat","embeddable":true,"href":"https:\/\/leeknives.com\/de\/wp-json\/wp\/v2\/product_cat?post=2885"},{"taxonomy":"product_tag","embeddable":true,"href":"https:\/\/leeknives.com\/de\/wp-json\/wp\/v2\/product_tag?post=2885"}],"curies":[{"name":"wp","href":"https:\/\/api.w.org\/{rel}","templated":true}]}}