{"id":2893,"date":"2022-06-27T11:26:01","date_gmt":"2022-06-27T03:26:01","guid":{"rendered":"https:\/\/leeknives.com\/?post_type=product&#038;p=2893"},"modified":"2023-12-22T15:59:41","modified_gmt":"2023-12-22T07:59:41","slug":"handgeschmiedetes-hackmesser-lkhkk10001","status":"publish","type":"product","link":"https:\/\/leeknives.com\/de\/products\/hand-forged-cleaver-lkhkk10001\/","title":{"rendered":"7Cr17MoV Palisander handgeschmiedetes Tiger-Hackmesser 270 mm LHKKK10001"},"content":{"rendered":"","protected":false},"excerpt":{"rendered":"<p>Optional sind Lederscheiden in zwei Farben erh\u00e4ltlich.<\/p>\n<h3>Hauptmerkmale<\/h3>\n<ul>\n<li>7Cr17MoV bietet hervorragende Sch\u00e4rfe und Rostbest\u00e4ndigkeit. Gute Schnitthaltigkeit, die einen geringen Wartungsaufwand erm\u00f6glicht.<\/li>\n<li>Starre Konstruktion, die maximale Kraft erfordert. Robuste Konstruktion f\u00fcr festes Fleisch, Knochen und Gefl\u00fcgel.<\/li>\n<li>Edler Palisandergriff mit Vintage-Messing-Bolzendesign. Eine Augenweide und eine Wohltat f\u00fcr die H\u00e4nde.<\/li>\n<\/ul>\n<h3>Gut f\u00fcr<\/h3>\n<p>Knochen, Gefl\u00fcgel, Fleisch<\/p>","protected":false},"featured_media":7493,"template":"","meta":{"inline_featured_image":false},"product_brand":[],"product_cat":[32,98],"product_tag":[],"class_list":{"0":"post-2893","1":"product","2":"type-product","3":"status-publish","4":"has-post-thumbnail","6":"product_cat-handmade-kitchen-knives","7":"product_cat-dropshipping-winning-products","8":"pa_blade-material-7cr17mov","9":"sales-flash-overlay","10":"woocommerce-text-align-left","11":"woocommerce-image-align-center","12":"do-quantity-buttons","13":"wc-has-gallery","15":"first","16":"instock","17":"shipping-taxable","18":"product-type-simple"},"_links":{"self":[{"href":"https:\/\/leeknives.com\/de\/wp-json\/wp\/v2\/product\/2893","targetHints":{"allow":["GET"]}}],"collection":[{"href":"https:\/\/leeknives.com\/de\/wp-json\/wp\/v2\/product"}],"about":[{"href":"https:\/\/leeknives.com\/de\/wp-json\/wp\/v2\/types\/product"}],"wp:featuredmedia":[{"embeddable":true,"href":"https:\/\/leeknives.com\/de\/wp-json\/wp\/v2\/media\/7493"}],"wp:attachment":[{"href":"https:\/\/leeknives.com\/de\/wp-json\/wp\/v2\/media?parent=2893"}],"wp:term":[{"taxonomy":"product_brand","embeddable":true,"href":"https:\/\/leeknives.com\/de\/wp-json\/wp\/v2\/product_brand?post=2893"},{"taxonomy":"product_cat","embeddable":true,"href":"https:\/\/leeknives.com\/de\/wp-json\/wp\/v2\/product_cat?post=2893"},{"taxonomy":"product_tag","embeddable":true,"href":"https:\/\/leeknives.com\/de\/wp-json\/wp\/v2\/product_tag?post=2893"}],"curies":[{"name":"wp","href":"https:\/\/api.w.org\/{rel}","templated":true}]}}