{"id":2895,"date":"2022-06-27T11:45:48","date_gmt":"2022-06-27T03:45:48","guid":{"rendered":"https:\/\/leeknives.com\/?post_type=product&#038;p=2895"},"modified":"2023-12-22T15:59:14","modified_gmt":"2023-12-22T07:59:14","slug":"handgefertigtes-kochmesser-lkhkk10003","status":"publish","type":"product","link":"https:\/\/leeknives.com\/de\/handmade-chef-knife-lkhkk10003\/","title":{"rendered":"9Cr18MoV Palisander Handgefertigtes Reverse Tanto Kochmesser 230 mm LHKKK10003"},"content":{"rendered":"","protected":false},"excerpt":{"rendered":"<p>Lederscheide ist optional.<\/p>\n<h3>Hauptmerkmale<\/h3>\n<ul>\n<li>Umgekehrtes Tanto-Kochmesser, perfekt zum Durchstechen harter Zutaten. Es eignet sich auch hervorragend zum feinen Schneiden von Gem\u00fcse, Fisch und Obst.<\/li>\n<li>Au\u00dfergew\u00f6hnliche Sch\u00e4rfe durch den 9Cr18MoV-Stahl. Beh\u00e4lt seine scharfe Schneide l\u00e4nger als herk\u00f6mmlicher Edelstahl.<\/li>\n<li>Fachm\u00e4nnisch gefertigter Palisandergriff, robust und langlebig f\u00fcr den t\u00e4glichen Gebrauch. Der Griff wurde mit einem Messingpolster im antiken Muster kombiniert.<\/li>\n<\/ul>\n<h3>Gut f\u00fcr<\/h3>\n<p>Fleisch, Fisch, Gem\u00fcse, Obst, Kr\u00e4uter<\/p>","protected":false},"featured_media":7509,"template":"","meta":{"inline_featured_image":false},"product_brand":[],"product_cat":[98,32],"product_tag":[],"class_list":{"0":"post-2895","1":"product","2":"type-product","3":"status-publish","4":"has-post-thumbnail","6":"product_cat-dropshipping-winning-products","7":"product_cat-handmade-kitchen-knives","8":"pa_blade-material-9cr18mov","9":"sales-flash-overlay","10":"woocommerce-text-align-left","11":"woocommerce-image-align-center","12":"do-quantity-buttons","13":"wc-has-gallery","15":"first","16":"instock","17":"shipping-taxable","18":"product-type-simple"},"_links":{"self":[{"href":"https:\/\/leeknives.com\/de\/wp-json\/wp\/v2\/product\/2895","targetHints":{"allow":["GET"]}}],"collection":[{"href":"https:\/\/leeknives.com\/de\/wp-json\/wp\/v2\/product"}],"about":[{"href":"https:\/\/leeknives.com\/de\/wp-json\/wp\/v2\/types\/product"}],"wp:featuredmedia":[{"embeddable":true,"href":"https:\/\/leeknives.com\/de\/wp-json\/wp\/v2\/media\/7509"}],"wp:attachment":[{"href":"https:\/\/leeknives.com\/de\/wp-json\/wp\/v2\/media?parent=2895"}],"wp:term":[{"taxonomy":"product_brand","embeddable":true,"href":"https:\/\/leeknives.com\/de\/wp-json\/wp\/v2\/product_brand?post=2895"},{"taxonomy":"product_cat","embeddable":true,"href":"https:\/\/leeknives.com\/de\/wp-json\/wp\/v2\/product_cat?post=2895"},{"taxonomy":"product_tag","embeddable":true,"href":"https:\/\/leeknives.com\/de\/wp-json\/wp\/v2\/product_tag?post=2895"}],"curies":[{"name":"wp","href":"https:\/\/api.w.org\/{rel}","templated":true}]}}