{"id":2904,"date":"2022-06-27T13:37:06","date_gmt":"2022-06-27T05:37:06","guid":{"rendered":"https:\/\/leeknives.com\/?post_type=product&#038;p=2904"},"modified":"2023-12-22T15:59:05","modified_gmt":"2023-12-22T07:59:05","slug":"kuchenmesserset-lkkse10003","status":"publish","type":"product","link":"https:\/\/leeknives.com\/de\/kitchen-knife-set-lkkse10003\/","title":{"rendered":"Damascus Clad 10Cr15CoMoV Abalone Shell K\u00fcchenmesser-Set LKKSE10003"},"content":{"rendered":"","protected":false},"excerpt":{"rendered":"<p>Messer k\u00f6nnen einzeln oder im Paket erworben werden.<\/p>\n<h3>Hauptmerkmale<\/h3>\n<ul>\n<li>Hochwertiges Produkt aus 10Cr15CoMoV-Stahl und Edelstahl im traditionellen Plattierungsschmiedeverfahren. Erreicht hohe H\u00e4rte und Widerstandsf\u00e4higkeit gegen \u00e4u\u00dfere Besch\u00e4digungen.<\/li>\n<li>Alle in diesem Set enthaltenen Messer eignen sich f\u00fcr die Zubereitung einer gro\u00dfen Bandbreite an Zutaten.<\/li>\n<li>Griff aus nat\u00fcrlicher Abalone-Muschel mit verschwei\u00dftem Kropf. Langlebig, wasserdicht und \u00e4sthetisch ansprechend.<\/li>\n<\/ul>\n<h3>Enth\u00e4lt<\/h3>\n<p>Komplett 5-teilig: Kochmesser, Santoku, Ausbeinmesser, Allzweckmesser, Sch\u00e4lmesser<\/p>","protected":false},"featured_media":7609,"template":"","meta":{"inline_featured_image":false},"product_brand":[],"product_cat":[98,99],"product_tag":[],"class_list":{"0":"post-2904","1":"product","2":"type-product","3":"status-publish","4":"has-post-thumbnail","6":"product_cat-dropshipping-winning-products","7":"product_cat-kitchen-knife-sets","8":"pa_blade-material-10cr15comov","9":"pa_blade-material-damascus-steel","10":"sales-flash-overlay","11":"woocommerce-text-align-left","12":"woocommerce-image-align-center","13":"do-quantity-buttons","14":"wc-has-gallery","16":"first","17":"instock","18":"shipping-taxable","19":"product-type-simple"},"_links":{"self":[{"href":"https:\/\/leeknives.com\/de\/wp-json\/wp\/v2\/product\/2904","targetHints":{"allow":["GET"]}}],"collection":[{"href":"https:\/\/leeknives.com\/de\/wp-json\/wp\/v2\/product"}],"about":[{"href":"https:\/\/leeknives.com\/de\/wp-json\/wp\/v2\/types\/product"}],"wp:featuredmedia":[{"embeddable":true,"href":"https:\/\/leeknives.com\/de\/wp-json\/wp\/v2\/media\/7609"}],"wp:attachment":[{"href":"https:\/\/leeknives.com\/de\/wp-json\/wp\/v2\/media?parent=2904"}],"wp:term":[{"taxonomy":"product_brand","embeddable":true,"href":"https:\/\/leeknives.com\/de\/wp-json\/wp\/v2\/product_brand?post=2904"},{"taxonomy":"product_cat","embeddable":true,"href":"https:\/\/leeknives.com\/de\/wp-json\/wp\/v2\/product_cat?post=2904"},{"taxonomy":"product_tag","embeddable":true,"href":"https:\/\/leeknives.com\/de\/wp-json\/wp\/v2\/product_tag?post=2904"}],"curies":[{"name":"wp","href":"https:\/\/api.w.org\/{rel}","templated":true}]}}