{"id":2910,"date":"2022-06-27T14:04:41","date_gmt":"2022-06-27T06:04:41","guid":{"rendered":"https:\/\/leeknives.com\/?post_type=product&#038;p=2910"},"modified":"2023-12-22T15:58:26","modified_gmt":"2023-12-22T07:58:26","slug":"kuchenmesserset-lkkse10004","status":"publish","type":"product","link":"https:\/\/leeknives.com\/de\/kitchen-knife-set-lkkse10004\/","title":{"rendered":"Damascus Clad 10Cr15CoMoV Stabilized Wood Wa Handle K\u00fcchenmesserset LKKSE10004"},"content":{"rendered":"","protected":false},"excerpt":{"rendered":"<p>Messer k\u00f6nnen einzeln oder im Paket erworben werden.<\/p>\n<h3>Hauptmerkmale<\/h3>\n<ul>\n<li>Modernes Damast-Design. 10Cr15CoMoV-Stahl, mit Edelstahl geschmiedet, um die Rostbest\u00e4ndigkeit zu gew\u00e4hrleisten.<\/li>\n<li>Das Set enth\u00e4lt sowohl fortgeschrittene japanische Messer als auch allgemeine Allzweckmesser. Sowohl Profik\u00f6che als auch Hobbyk\u00f6che werden es n\u00fctzlich finden.<\/li>\n<li>Der Griff aus komprimiertem Holz zeichnet sich durch seine Haltbarkeit sowie Insekten- und Wasserbest\u00e4ndigkeit aus. Erstklassiger WA-Griffstil, der leichter ist als westliche Griffe.<\/li>\n<\/ul>\n<h3>Enth\u00e4lt<\/h3>\n<p>Komplett 9-teilig: Kochmesser, Kiritsuke, Metzgermesser, Nakiri, Santoku, Chukabocho, Bunka, Allzweckmesser, Sch\u00e4lmesser<\/p>","protected":false},"featured_media":7614,"template":"","meta":{"inline_featured_image":false},"product_brand":[],"product_cat":[98,99],"product_tag":[],"class_list":{"0":"post-2910","1":"product","2":"type-product","3":"status-publish","4":"has-post-thumbnail","6":"product_cat-dropshipping-winning-products","7":"product_cat-kitchen-knife-sets","8":"pa_blade-material-10cr15comov","9":"pa_blade-material-damascus-steel","10":"sales-flash-overlay","11":"woocommerce-text-align-left","12":"woocommerce-image-align-center","13":"do-quantity-buttons","14":"wc-has-gallery","16":"first","17":"instock","18":"shipping-taxable","19":"product-type-simple"},"_links":{"self":[{"href":"https:\/\/leeknives.com\/de\/wp-json\/wp\/v2\/product\/2910","targetHints":{"allow":["GET"]}}],"collection":[{"href":"https:\/\/leeknives.com\/de\/wp-json\/wp\/v2\/product"}],"about":[{"href":"https:\/\/leeknives.com\/de\/wp-json\/wp\/v2\/types\/product"}],"wp:featuredmedia":[{"embeddable":true,"href":"https:\/\/leeknives.com\/de\/wp-json\/wp\/v2\/media\/7614"}],"wp:attachment":[{"href":"https:\/\/leeknives.com\/de\/wp-json\/wp\/v2\/media?parent=2910"}],"wp:term":[{"taxonomy":"product_brand","embeddable":true,"href":"https:\/\/leeknives.com\/de\/wp-json\/wp\/v2\/product_brand?post=2910"},{"taxonomy":"product_cat","embeddable":true,"href":"https:\/\/leeknives.com\/de\/wp-json\/wp\/v2\/product_cat?post=2910"},{"taxonomy":"product_tag","embeddable":true,"href":"https:\/\/leeknives.com\/de\/wp-json\/wp\/v2\/product_tag?post=2910"}],"curies":[{"name":"wp","href":"https:\/\/api.w.org\/{rel}","templated":true}]}}