{"id":2920,"date":"2022-06-27T14:52:34","date_gmt":"2022-06-27T06:52:34","guid":{"rendered":"https:\/\/leeknives.com\/?post_type=product&#038;p=2920"},"modified":"2023-12-22T15:58:39","modified_gmt":"2023-12-22T07:58:39","slug":"kuchenmesserset-lkkse10005","status":"publish","type":"product","link":"https:\/\/leeknives.com\/de\/kitchen-knife-set-lkkse10005\/","title":{"rendered":"Damascus Clad 10Cr15CoMoV Stabilisiertes Holz K\u00fcchenmesserset LKKSE10005"},"content":{"rendered":"","protected":false},"excerpt":{"rendered":"<p>Messer k\u00f6nnen einzeln oder im Paket erworben werden.<\/p>\n<h3>Hauptmerkmale<\/h3>\n<ul>\n<li>Hergestellt aus 10Cr15CoMoV-Stahl, der im Rockwell-H\u00e4rtetest einen Wert von 60 erreichen kann. Der Kern ist mit Edelstahl ummantelt, der verhindert, dass das Messer bei St\u00f6\u00dfen absplittert.<\/li>\n<li>Oval geformter und stabilisierter Holzgriff: Nimmt sehr wenig Wasser auf und ist haltbarer als normales Holz.<\/li>\n<li>Benutzerfreundliches Set. Alle Messer dieser Kollektion verf\u00fcgen \u00fcber einen geschwei\u00dften Kropf zum Schutz der H\u00e4nde.<\/li>\n<\/ul>\n<h3>Enth\u00e4lt<\/h3>\n<p>Komplett 9-teilig: 9-Zoll-Kochmesser, 8-Zoll-Kochmesser, Chukabocho, Santoku, Nakiri, Brotmesser, Ausbeinmesser, Allzweckmesser, Sch\u00e4lmesser<\/p>","protected":false},"featured_media":7616,"template":"","meta":{"inline_featured_image":false},"product_brand":[],"product_cat":[98,99],"product_tag":[],"class_list":{"0":"post-2920","1":"product","2":"type-product","3":"status-publish","4":"has-post-thumbnail","6":"product_cat-dropshipping-winning-products","7":"product_cat-kitchen-knife-sets","8":"pa_blade-material-10cr15comov","9":"pa_blade-material-damascus-steel","10":"sales-flash-overlay","11":"woocommerce-text-align-left","12":"woocommerce-image-align-center","13":"do-quantity-buttons","14":"wc-has-gallery","16":"first","17":"instock","18":"shipping-taxable","19":"product-type-simple"},"_links":{"self":[{"href":"https:\/\/leeknives.com\/de\/wp-json\/wp\/v2\/product\/2920","targetHints":{"allow":["GET"]}}],"collection":[{"href":"https:\/\/leeknives.com\/de\/wp-json\/wp\/v2\/product"}],"about":[{"href":"https:\/\/leeknives.com\/de\/wp-json\/wp\/v2\/types\/product"}],"wp:featuredmedia":[{"embeddable":true,"href":"https:\/\/leeknives.com\/de\/wp-json\/wp\/v2\/media\/7616"}],"wp:attachment":[{"href":"https:\/\/leeknives.com\/de\/wp-json\/wp\/v2\/media?parent=2920"}],"wp:term":[{"taxonomy":"product_brand","embeddable":true,"href":"https:\/\/leeknives.com\/de\/wp-json\/wp\/v2\/product_brand?post=2920"},{"taxonomy":"product_cat","embeddable":true,"href":"https:\/\/leeknives.com\/de\/wp-json\/wp\/v2\/product_cat?post=2920"},{"taxonomy":"product_tag","embeddable":true,"href":"https:\/\/leeknives.com\/de\/wp-json\/wp\/v2\/product_tag?post=2920"}],"curies":[{"name":"wp","href":"https:\/\/api.w.org\/{rel}","templated":true}]}}