{"id":2941,"date":"2022-06-27T15:05:01","date_gmt":"2022-06-27T07:05:01","guid":{"rendered":"https:\/\/leeknives.com\/?post_type=product&#038;p=2941"},"modified":"2023-12-22T15:57:41","modified_gmt":"2023-12-22T07:57:41","slug":"kiritsuke-gyuto-lkjgy10014","status":"publish","type":"product","link":"https:\/\/leeknives.com\/de\/kiritsuke-gyuto-lkjgy10014\/","title":{"rendered":"Damascus Clad 10Cr15CoMoV Stabilized Wood Wa Handle Kiritsuke Gyuto 205 mm LKJGY10014"},"content":{"rendered":"","protected":false},"excerpt":{"rendered":"<p>Der stabilisierte Holzgriff ist in verschiedenen Farben erh\u00e4ltlich und das Muster kann jeweils unterschiedlich sein.<\/p>\n<h3>Hauptmerkmale<\/h3>\n<ul>\n<li>Eine Variante des beliebten Gyuto-Messers, dessen Spitze als Kiritsuke abge\u00e4ndert wurde. Dieses Messer eignet sich f\u00fcr alle Aufgaben der Essenszubereitung.<\/li>\n<li>Ausgewogene Sch\u00e4rfe und Robustheit. Die Klinge besteht aus 10Cr15CoMoV-Stahl und ist mit Edelstahl \u00fcberzogen.<\/li>\n<li>Stabilisiertes Holz mit traditionellem Wa-Griffdesign, das ein hervorragendes Griffgef\u00fchl vermittelt. Sie k\u00f6nnen auch aus einer Reihe von Grifffarben w\u00e4hlen.<\/li>\n<\/ul>\n<h3>Gut f\u00fcr<\/h3>\n<p>Fleisch, Fisch, Gem\u00fcse, Obst, Kr\u00e4uter<\/p>","protected":false},"featured_media":7546,"template":"","meta":{"inline_featured_image":false},"product_brand":[],"product_cat":[98,64,66],"product_tag":[],"class_list":{"0":"post-2941","1":"product","2":"type-product","3":"status-publish","4":"has-post-thumbnail","6":"product_cat-dropshipping-winning-products","7":"product_cat-gyuto","8":"product_cat-kiritsuke","9":"pa_blade-material-10cr15comov","10":"pa_blade-material-damascus-steel","11":"sales-flash-overlay","12":"woocommerce-text-align-left","13":"woocommerce-image-align-center","14":"do-quantity-buttons","15":"wc-has-gallery","17":"first","18":"instock","19":"shipping-taxable","20":"product-type-simple"},"_links":{"self":[{"href":"https:\/\/leeknives.com\/de\/wp-json\/wp\/v2\/product\/2941","targetHints":{"allow":["GET"]}}],"collection":[{"href":"https:\/\/leeknives.com\/de\/wp-json\/wp\/v2\/product"}],"about":[{"href":"https:\/\/leeknives.com\/de\/wp-json\/wp\/v2\/types\/product"}],"wp:featuredmedia":[{"embeddable":true,"href":"https:\/\/leeknives.com\/de\/wp-json\/wp\/v2\/media\/7546"}],"wp:attachment":[{"href":"https:\/\/leeknives.com\/de\/wp-json\/wp\/v2\/media?parent=2941"}],"wp:term":[{"taxonomy":"product_brand","embeddable":true,"href":"https:\/\/leeknives.com\/de\/wp-json\/wp\/v2\/product_brand?post=2941"},{"taxonomy":"product_cat","embeddable":true,"href":"https:\/\/leeknives.com\/de\/wp-json\/wp\/v2\/product_cat?post=2941"},{"taxonomy":"product_tag","embeddable":true,"href":"https:\/\/leeknives.com\/de\/wp-json\/wp\/v2\/product_tag?post=2941"}],"curies":[{"name":"wp","href":"https:\/\/api.w.org\/{rel}","templated":true}]}}