{"id":2942,"date":"2022-06-27T15:10:19","date_gmt":"2022-06-27T07:10:19","guid":{"rendered":"https:\/\/leeknives.com\/?post_type=product&#038;p=2942"},"modified":"2023-12-22T15:56:11","modified_gmt":"2023-12-22T07:56:11","slug":"kiritsuke-gyuto-lkjgy10015","status":"publish","type":"product","link":"https:\/\/leeknives.com\/de\/kiritsuke-gyuto-lkjgy10015\/","title":{"rendered":"Damast-beschichteter 10Cr15CoMoV G10-Griff Kiritsuke Gyuto 197 mm, geh\u00e4mmertes Finish LKJGY10015"},"content":{"rendered":"","protected":false},"excerpt":{"rendered":"<h3>Hauptmerkmale<\/h3>\n<ul>\n<li>Kiritsuke Gyuto ist eine Kombination aus zwei beliebten Allzweckmessern. Das Messer verf\u00fcgt \u00fcber eine dreieckige Spitze und eine flachere Schneide, die sich ideal zum Schneiden von Fisch eignet. Das Design ist zudem robust genug f\u00fcr die Verarbeitung von Obst, Fleisch und Gem\u00fcse.<\/li>\n<li>Geschmiedetes Damastmesser mit 10Cr15CoMoV-Stahl als Kern und Edelstahl dazwischen, der Haltbarkeit bietet, ohne an Sch\u00e4rfe zu verlieren.<\/li>\n<li>Der Halbpolster bietet Fingerschutz f\u00fcr unerfahrene K\u00f6che. Der Griff besteht aus G-10 und wird durch einen schicken t\u00fcrkisfarbenen Kragen erg\u00e4nzt.<\/li>\n<\/ul>\n<h3>Gut f\u00fcr<\/h3>\n<p>Fleisch, Fisch, Gem\u00fcse, Obst, Kr\u00e4uter<\/p>","protected":false},"featured_media":7548,"template":"","meta":{"inline_featured_image":false},"product_brand":[],"product_cat":[98,64,66],"product_tag":[],"class_list":{"0":"post-2942","1":"product","2":"type-product","3":"status-publish","4":"has-post-thumbnail","6":"product_cat-dropshipping-winning-products","7":"product_cat-gyuto","8":"product_cat-kiritsuke","9":"pa_blade-material-10cr15comov","10":"pa_blade-material-damascus-steel","11":"sales-flash-overlay","12":"woocommerce-text-align-left","13":"woocommerce-image-align-center","14":"do-quantity-buttons","15":"wc-has-gallery","17":"first","18":"instock","19":"shipping-taxable","20":"product-type-simple"},"_links":{"self":[{"href":"https:\/\/leeknives.com\/de\/wp-json\/wp\/v2\/product\/2942","targetHints":{"allow":["GET"]}}],"collection":[{"href":"https:\/\/leeknives.com\/de\/wp-json\/wp\/v2\/product"}],"about":[{"href":"https:\/\/leeknives.com\/de\/wp-json\/wp\/v2\/types\/product"}],"wp:featuredmedia":[{"embeddable":true,"href":"https:\/\/leeknives.com\/de\/wp-json\/wp\/v2\/media\/7548"}],"wp:attachment":[{"href":"https:\/\/leeknives.com\/de\/wp-json\/wp\/v2\/media?parent=2942"}],"wp:term":[{"taxonomy":"product_brand","embeddable":true,"href":"https:\/\/leeknives.com\/de\/wp-json\/wp\/v2\/product_brand?post=2942"},{"taxonomy":"product_cat","embeddable":true,"href":"https:\/\/leeknives.com\/de\/wp-json\/wp\/v2\/product_cat?post=2942"},{"taxonomy":"product_tag","embeddable":true,"href":"https:\/\/leeknives.com\/de\/wp-json\/wp\/v2\/product_tag?post=2942"}],"curies":[{"name":"wp","href":"https:\/\/api.w.org\/{rel}","templated":true}]}}