{"id":5129,"date":"2022-08-23T18:36:45","date_gmt":"2022-08-23T10:36:45","guid":{"rendered":"https:\/\/leeknives.com\/?post_type=product&#038;p=5129"},"modified":"2023-12-22T15:21:18","modified_gmt":"2023-12-22T07:21:18","slug":"schneidebrett-lkcbo20001-2","status":"publish","type":"product","link":"https:\/\/leeknives.com\/de\/products\/cutting-board-lkcbo20001-2\/","title":{"rendered":"Schneidebrett aus Akazie mit Saftrille und Aufh\u00e4ngeloch LKCBO20001-2"},"content":{"rendered":"","protected":false},"excerpt":{"rendered":"<h3>Highlights<\/h3>\n<p>Saftrille, Aufh\u00e4ngeloch<\/p>\n<h3>Hauptmerkmale<\/h3>\n<ul>\n<li>Hergestellt aus hochwertigem Akazienholz \u2013 mit angenehmer und gleichm\u00e4\u00dfiger Textur und nat\u00fcrlichem Glanz sowie antibakteriellen Eigenschaften.<\/li>\n<li>Erh\u00e4ltlich in familienfreundlicher Gr\u00f6\u00dfe und in Gro\u00dfk\u00fcchengr\u00f6\u00dfe. Jede K\u00fcche kann das Brett nutzen und es zum wichtigsten Werkzeug machen.<\/li>\n<li>Saftrinne, die verhindert, dass zu viel Fl\u00fcssigkeit \u00fcber die Arbeitsfl\u00e4che l\u00e4uft, und Aufh\u00e4ngeloch f\u00fcr die Aufbewahrung an der Wand.<\/li>\n<\/ul>","protected":false},"featured_media":7352,"template":"","meta":{"inline_featured_image":false},"product_brand":[],"product_cat":[87],"product_tag":[],"class_list":{"0":"post-5129","1":"product","2":"type-product","3":"status-publish","4":"has-post-thumbnail","6":"product_cat-cutting-boards","7":"pa_board-material-acacia","8":"sales-flash-overlay","9":"woocommerce-text-align-left","10":"woocommerce-image-align-center","11":"do-quantity-buttons","12":"wc-has-gallery","14":"first","15":"instock","16":"shipping-taxable","17":"product-type-simple"},"_links":{"self":[{"href":"https:\/\/leeknives.com\/de\/wp-json\/wp\/v2\/product\/5129","targetHints":{"allow":["GET"]}}],"collection":[{"href":"https:\/\/leeknives.com\/de\/wp-json\/wp\/v2\/product"}],"about":[{"href":"https:\/\/leeknives.com\/de\/wp-json\/wp\/v2\/types\/product"}],"wp:featuredmedia":[{"embeddable":true,"href":"https:\/\/leeknives.com\/de\/wp-json\/wp\/v2\/media\/7352"}],"wp:attachment":[{"href":"https:\/\/leeknives.com\/de\/wp-json\/wp\/v2\/media?parent=5129"}],"wp:term":[{"taxonomy":"product_brand","embeddable":true,"href":"https:\/\/leeknives.com\/de\/wp-json\/wp\/v2\/product_brand?post=5129"},{"taxonomy":"product_cat","embeddable":true,"href":"https:\/\/leeknives.com\/de\/wp-json\/wp\/v2\/product_cat?post=5129"},{"taxonomy":"product_tag","embeddable":true,"href":"https:\/\/leeknives.com\/de\/wp-json\/wp\/v2\/product_tag?post=5129"}],"curies":[{"name":"wp","href":"https:\/\/api.w.org\/{rel}","templated":true}]}}