{"id":5148,"date":"2022-08-23T19:08:47","date_gmt":"2022-08-23T11:08:47","guid":{"rendered":"https:\/\/leeknives.com\/?post_type=product&#038;p=5148"},"modified":"2023-12-22T15:21:08","modified_gmt":"2023-12-22T07:21:08","slug":"schneidebrett-lkcbo20003","status":"publish","type":"product","link":"https:\/\/leeknives.com\/de\/cutting-board-lkcbo20003\/","title":{"rendered":"Schneidebrett aus Akazie mit Saftrille und abgerundeten Ecken LKCBO20003"},"content":{"rendered":"","protected":false},"excerpt":{"rendered":"<h3>Highlights<\/h3>\n<p>Saftrille, abgerundete Ecken<\/p>\n<h3>Hauptmerkmale<\/h3>\n<ul>\n<li>Akazienholz ist bei K\u00f6chen und Holzarbeitern zum neuen Favoriten geworden. Seine Widerstandsf\u00e4higkeit gegen \u00e4u\u00dfere Besch\u00e4digungen ist so beeindruckend, dass Sie sich darauf verlassen k\u00f6nnen, dass es jahrelang h\u00e4lt.<\/li>\n<li>Rechteckiges Schneidebrett mit abgerundeten Ecken auf jeder Seite, um versehentliche St\u00f6\u00dfe zu verhindern.<\/li>\n<li>Die Saftrinne dient dazu, \u00fcbersch\u00fcssige Fl\u00fcssigkeit vor\u00fcbergehend zu speichern und so ein Auslaufen zu verhindern.<\/li>\n<\/ul>","protected":false},"featured_media":7355,"template":"","meta":{"inline_featured_image":false},"product_brand":[],"product_cat":[87],"product_tag":[],"class_list":{"0":"post-5148","1":"product","2":"type-product","3":"status-publish","4":"has-post-thumbnail","6":"product_cat-cutting-boards","7":"pa_board-material-acacia","8":"sales-flash-overlay","9":"woocommerce-text-align-left","10":"woocommerce-image-align-center","11":"do-quantity-buttons","13":"first","14":"instock","15":"shipping-taxable","16":"product-type-simple"},"_links":{"self":[{"href":"https:\/\/leeknives.com\/de\/wp-json\/wp\/v2\/product\/5148","targetHints":{"allow":["GET"]}}],"collection":[{"href":"https:\/\/leeknives.com\/de\/wp-json\/wp\/v2\/product"}],"about":[{"href":"https:\/\/leeknives.com\/de\/wp-json\/wp\/v2\/types\/product"}],"wp:featuredmedia":[{"embeddable":true,"href":"https:\/\/leeknives.com\/de\/wp-json\/wp\/v2\/media\/7355"}],"wp:attachment":[{"href":"https:\/\/leeknives.com\/de\/wp-json\/wp\/v2\/media?parent=5148"}],"wp:term":[{"taxonomy":"product_brand","embeddable":true,"href":"https:\/\/leeknives.com\/de\/wp-json\/wp\/v2\/product_brand?post=5148"},{"taxonomy":"product_cat","embeddable":true,"href":"https:\/\/leeknives.com\/de\/wp-json\/wp\/v2\/product_cat?post=5148"},{"taxonomy":"product_tag","embeddable":true,"href":"https:\/\/leeknives.com\/de\/wp-json\/wp\/v2\/product_tag?post=5148"}],"curies":[{"name":"wp","href":"https:\/\/api.w.org\/{rel}","templated":true}]}}