{"id":5149,"date":"2022-08-23T19:11:53","date_gmt":"2022-08-23T11:11:53","guid":{"rendered":"https:\/\/leeknives.com\/?post_type=product&#038;p=5149"},"modified":"2023-12-22T15:20:59","modified_gmt":"2023-12-22T07:20:59","slug":"schneidebrett-lkcbo20004","status":"publish","type":"product","link":"https:\/\/leeknives.com\/de\/products\/cutting-board-lkcbo20004\/","title":{"rendered":"Akazien-Schneidebrett mit Saftrille LKCBO20004"},"content":{"rendered":"","protected":false},"excerpt":{"rendered":"<h3>Highlights<\/h3>\n<p>Saftgroove<\/p>\n<h3>Hauptmerkmale<\/h3>\n<ul>\n<li>Ihr klassisches rechteckiges Schneidebrettmodell. Mit einem sch\u00f6nen Saftrillen-Design, das das Auslaufen von \u00fcbersch\u00fcssiger Fl\u00fcssigkeit verhindert.<\/li>\n<li>Von talentierten Schreinern aus hochwertigem Akazienholz gefertigt. Dank seiner Langlebigkeit ist Akazie die ideale Wahl f\u00fcr Schneidebretter.<\/li>\n<li>Mit einer L\u00e4nge von etwa 25 cm und einer Dicke von 1,5 cm ist es ein relativ leichtes Brett, das sich gut als Unterlage f\u00fcr die Zubereitung von Obst und Gem\u00fcse eignet.<\/li>\n<\/ul>","protected":false},"featured_media":7356,"template":"","meta":{"inline_featured_image":false},"product_brand":[],"product_cat":[87],"product_tag":[],"class_list":{"0":"post-5149","1":"product","2":"type-product","3":"status-publish","4":"has-post-thumbnail","6":"product_cat-cutting-boards","7":"pa_board-material-acacia","8":"sales-flash-overlay","9":"woocommerce-text-align-left","10":"woocommerce-image-align-center","11":"do-quantity-buttons","13":"first","14":"instock","15":"shipping-taxable","16":"product-type-simple"},"_links":{"self":[{"href":"https:\/\/leeknives.com\/de\/wp-json\/wp\/v2\/product\/5149","targetHints":{"allow":["GET"]}}],"collection":[{"href":"https:\/\/leeknives.com\/de\/wp-json\/wp\/v2\/product"}],"about":[{"href":"https:\/\/leeknives.com\/de\/wp-json\/wp\/v2\/types\/product"}],"wp:featuredmedia":[{"embeddable":true,"href":"https:\/\/leeknives.com\/de\/wp-json\/wp\/v2\/media\/7356"}],"wp:attachment":[{"href":"https:\/\/leeknives.com\/de\/wp-json\/wp\/v2\/media?parent=5149"}],"wp:term":[{"taxonomy":"product_brand","embeddable":true,"href":"https:\/\/leeknives.com\/de\/wp-json\/wp\/v2\/product_brand?post=5149"},{"taxonomy":"product_cat","embeddable":true,"href":"https:\/\/leeknives.com\/de\/wp-json\/wp\/v2\/product_cat?post=5149"},{"taxonomy":"product_tag","embeddable":true,"href":"https:\/\/leeknives.com\/de\/wp-json\/wp\/v2\/product_tag?post=5149"}],"curies":[{"name":"wp","href":"https:\/\/api.w.org\/{rel}","templated":true}]}}