{"id":5150,"date":"2022-08-23T19:14:12","date_gmt":"2022-08-23T11:14:12","guid":{"rendered":"https:\/\/leeknives.com\/?post_type=product&#038;p=5150"},"modified":"2023-12-22T15:20:50","modified_gmt":"2023-12-22T07:20:50","slug":"schneidebrett-lkcbo20005","status":"publish","type":"product","link":"https:\/\/leeknives.com\/de\/products\/cutting-board-lkcbo20005\/","title":{"rendered":"Schneidebrett aus Akazie mit Saftrille und Aufh\u00e4ngeloch LKCBO20005"},"content":{"rendered":"","protected":false},"excerpt":{"rendered":"<h3>Highlights<\/h3>\n<p>Saftrille, Aufh\u00e4ngeloch, abgerundete Ecken<\/p>\n<h3>Hauptmerkmale<\/h3>\n<ul>\n<li>Ein Schneidebrett aus Akazienholz im Vintage-Design. Wir haben Akazie als Grundmaterial aufgrund seiner hohen Wasserbest\u00e4ndigkeit, Hygieneeigenschaften und \u00c4sthetik gew\u00e4hlt.<\/li>\n<li>Die eingekerbte Linie auf der Oberfl\u00e4che ist ein bewusstes Design, das als Saftrille fungiert.<\/li>\n<li>Das gebohrte Loch in der Ecke dient der einfachen Aufbewahrung an der Wand. Nach einer kurzen Reinigungssitzung k\u00f6nnen Sie das Schneidebrett einfach aufh\u00e4ngen und an der Luft trocknen lassen \u2013 das spart Zeit und M\u00fche.<\/li>\n<\/ul>","protected":false},"featured_media":7358,"template":"","meta":{"inline_featured_image":false},"product_brand":[],"product_cat":[87],"product_tag":[],"class_list":{"0":"post-5150","1":"product","2":"type-product","3":"status-publish","4":"has-post-thumbnail","6":"product_cat-cutting-boards","7":"pa_board-material-acacia","8":"sales-flash-overlay","9":"woocommerce-text-align-left","10":"woocommerce-image-align-center","11":"do-quantity-buttons","12":"wc-has-gallery","14":"first","15":"instock","16":"shipping-taxable","17":"product-type-simple"},"_links":{"self":[{"href":"https:\/\/leeknives.com\/de\/wp-json\/wp\/v2\/product\/5150","targetHints":{"allow":["GET"]}}],"collection":[{"href":"https:\/\/leeknives.com\/de\/wp-json\/wp\/v2\/product"}],"about":[{"href":"https:\/\/leeknives.com\/de\/wp-json\/wp\/v2\/types\/product"}],"wp:featuredmedia":[{"embeddable":true,"href":"https:\/\/leeknives.com\/de\/wp-json\/wp\/v2\/media\/7358"}],"wp:attachment":[{"href":"https:\/\/leeknives.com\/de\/wp-json\/wp\/v2\/media?parent=5150"}],"wp:term":[{"taxonomy":"product_brand","embeddable":true,"href":"https:\/\/leeknives.com\/de\/wp-json\/wp\/v2\/product_brand?post=5150"},{"taxonomy":"product_cat","embeddable":true,"href":"https:\/\/leeknives.com\/de\/wp-json\/wp\/v2\/product_cat?post=5150"},{"taxonomy":"product_tag","embeddable":true,"href":"https:\/\/leeknives.com\/de\/wp-json\/wp\/v2\/product_tag?post=5150"}],"curies":[{"name":"wp","href":"https:\/\/api.w.org\/{rel}","templated":true}]}}