{"id":5151,"date":"2022-08-23T19:16:38","date_gmt":"2022-08-23T11:16:38","guid":{"rendered":"https:\/\/leeknives.com\/?post_type=product&#038;p=5151"},"modified":"2023-12-22T15:20:41","modified_gmt":"2023-12-22T07:20:41","slug":"schneidebrett-lkcbo20006","status":"publish","type":"product","link":"https:\/\/leeknives.com\/de\/cutting-board-lkcbo20006\/","title":{"rendered":"Schneidebrett aus Akazie mit Saftrille und Aufh\u00e4ngeloch LKCBO20006"},"content":{"rendered":"","protected":false},"excerpt":{"rendered":"<h3>Highlights<\/h3>\n<p>Saftrille, Aufh\u00e4ngeloch, abgerundete Ecken<\/p>\n<h3>Hauptmerkmale<\/h3>\n<ul>\n<li>Ein mittelgro\u00dfes Schneidebrett mit abgerundeten Ecken, das Sicherheit bei zuf\u00e4lligen St\u00f6\u00dfen und Schl\u00e4gen gew\u00e4hrleistet.<\/li>\n<li>Akazienholz ist eine hochwertige und nat\u00fcrliche Wahl f\u00fcr Schneidebretter. Es hat nicht nur eine charakteristische Holzstruktur, sondern ist auch widerstandsf\u00e4hig gegen \u00e4u\u00dfere Einfl\u00fcsse wie Bakterien, Sch\u00e4dlinge und Messerkratzer.<\/li>\n<li>Das Aufh\u00e4ngeloch oben rechts erm\u00f6glicht eine problemlose Aufbewahrung an der Wand.<\/li>\n<\/ul>","protected":false},"featured_media":7359,"template":"","meta":{"inline_featured_image":false},"product_brand":[],"product_cat":[87],"product_tag":[],"class_list":{"0":"post-5151","1":"product","2":"type-product","3":"status-publish","4":"has-post-thumbnail","6":"product_cat-cutting-boards","7":"pa_board-material-acacia","8":"sales-flash-overlay","9":"woocommerce-text-align-left","10":"woocommerce-image-align-center","11":"do-quantity-buttons","13":"first","14":"instock","15":"shipping-taxable","16":"product-type-simple"},"_links":{"self":[{"href":"https:\/\/leeknives.com\/de\/wp-json\/wp\/v2\/product\/5151","targetHints":{"allow":["GET"]}}],"collection":[{"href":"https:\/\/leeknives.com\/de\/wp-json\/wp\/v2\/product"}],"about":[{"href":"https:\/\/leeknives.com\/de\/wp-json\/wp\/v2\/types\/product"}],"wp:featuredmedia":[{"embeddable":true,"href":"https:\/\/leeknives.com\/de\/wp-json\/wp\/v2\/media\/7359"}],"wp:attachment":[{"href":"https:\/\/leeknives.com\/de\/wp-json\/wp\/v2\/media?parent=5151"}],"wp:term":[{"taxonomy":"product_brand","embeddable":true,"href":"https:\/\/leeknives.com\/de\/wp-json\/wp\/v2\/product_brand?post=5151"},{"taxonomy":"product_cat","embeddable":true,"href":"https:\/\/leeknives.com\/de\/wp-json\/wp\/v2\/product_cat?post=5151"},{"taxonomy":"product_tag","embeddable":true,"href":"https:\/\/leeknives.com\/de\/wp-json\/wp\/v2\/product_tag?post=5151"}],"curies":[{"name":"wp","href":"https:\/\/api.w.org\/{rel}","templated":true}]}}