{"id":5152,"date":"2022-08-23T19:20:00","date_gmt":"2022-08-23T11:20:00","guid":{"rendered":"https:\/\/leeknives.com\/?post_type=product&#038;p=5152"},"modified":"2023-12-22T15:20:33","modified_gmt":"2023-12-22T07:20:33","slug":"schneidebrett-lkcbo20007","status":"publish","type":"product","link":"https:\/\/leeknives.com\/de\/products\/cutting-board-lkcbo20007\/","title":{"rendered":"UV-bedrucktes Akazien-Schneidebrett mit Aufh\u00e4ngeloch LKCBO20007"},"content":{"rendered":"","protected":false},"excerpt":{"rendered":"<h3>Highlights<\/h3>\n<p>Wendbar, Aufh\u00e4ngeloch, UV-Druck<\/p>\n<h3>Hauptmerkmale<\/h3>\n<ul>\n<li>Das Schneidebrett ist beidseitig mit UV-Drucken versehen. Eine Seite zeigt stilvolle Muster, die andere Kochzitate. Diese Drucke sind individuell anpassbar oder k\u00f6nnen entfernt werden. Kontaktieren Sie uns f\u00fcr weitere Informationen.<\/li>\n<li>Da Akazienholz das Hauptmaterial ist, ist das Schneidebrett \u00e4u\u00dferst robust. Akazienholz ist widerstandsf\u00e4hig gegen Messersch\u00e4den und verf\u00fcgt \u00fcber selbstheilende Eigenschaften, die Bakterien absorbieren k\u00f6nnen.<\/li>\n<li>Ein Aufh\u00e4ngeloch an der Oberseite kann nach der Reinigung genutzt werden. Ein einfaches Trocknen an der Wand ist praktisch und zeitsparend.<\/li>\n<\/ul>","protected":false},"featured_media":7362,"template":"","meta":{"inline_featured_image":false},"product_brand":[],"product_cat":[87],"product_tag":[],"class_list":{"0":"post-5152","1":"product","2":"type-product","3":"status-publish","4":"has-post-thumbnail","6":"product_cat-cutting-boards","7":"pa_board-material-acacia","8":"sales-flash-overlay","9":"woocommerce-text-align-left","10":"woocommerce-image-align-center","11":"do-quantity-buttons","12":"wc-has-gallery","14":"first","15":"instock","16":"shipping-taxable","17":"product-type-simple"},"_links":{"self":[{"href":"https:\/\/leeknives.com\/de\/wp-json\/wp\/v2\/product\/5152","targetHints":{"allow":["GET"]}}],"collection":[{"href":"https:\/\/leeknives.com\/de\/wp-json\/wp\/v2\/product"}],"about":[{"href":"https:\/\/leeknives.com\/de\/wp-json\/wp\/v2\/types\/product"}],"wp:featuredmedia":[{"embeddable":true,"href":"https:\/\/leeknives.com\/de\/wp-json\/wp\/v2\/media\/7362"}],"wp:attachment":[{"href":"https:\/\/leeknives.com\/de\/wp-json\/wp\/v2\/media?parent=5152"}],"wp:term":[{"taxonomy":"product_brand","embeddable":true,"href":"https:\/\/leeknives.com\/de\/wp-json\/wp\/v2\/product_brand?post=5152"},{"taxonomy":"product_cat","embeddable":true,"href":"https:\/\/leeknives.com\/de\/wp-json\/wp\/v2\/product_cat?post=5152"},{"taxonomy":"product_tag","embeddable":true,"href":"https:\/\/leeknives.com\/de\/wp-json\/wp\/v2\/product_tag?post=5152"}],"curies":[{"name":"wp","href":"https:\/\/api.w.org\/{rel}","templated":true}]}}