{"id":5157,"date":"2022-08-23T19:23:03","date_gmt":"2022-08-23T11:23:03","guid":{"rendered":"https:\/\/leeknives.com\/?post_type=product&#038;p=5157"},"modified":"2023-12-22T15:20:24","modified_gmt":"2023-12-22T07:20:24","slug":"schneidebrett-lkcbo20008","status":"publish","type":"product","link":"https:\/\/leeknives.com\/de\/cutting-board-lkcbo20008\/","title":{"rendered":"Akazien-Schneidebrett mit Griff LKCBO20008"},"content":{"rendered":"","protected":false},"excerpt":{"rendered":"<h3>Highlights<\/h3>\n<p>Wendbar, Griff<\/p>\n<h3>Hauptmerkmale<\/h3>\n<ul>\n<li>Dieses Schneidebrett ist etwa 38 cm lang und 30 cm breit und hat an der Seite eine leichte Rundung. Eine passende Schneidunterlage mit ausreichend Platz f\u00fcr mehrere Schneidevorg\u00e4nge.<\/li>\n<li>Drehen Sie das Schneidebrett um und Sie erhalten eine perfekt funktionierende zweite Oberfl\u00e4che! Es ist eine doppelte Bedrohung, die Sie verwenden k\u00f6nnen, ohne auf andere Schneidebretter umsteigen zu m\u00fcssen.<\/li>\n<li>Hergestellt aus Akazienholz. Kaum ein Wettbewerber kann Akazienholz in puncto H\u00e4rte, F\u00e4ulnisbest\u00e4ndigkeit oder Textur \u00fcbertreffen.<\/li>\n<\/ul>","protected":false},"featured_media":7364,"template":"","meta":{"inline_featured_image":false},"product_brand":[],"product_cat":[87],"product_tag":[],"class_list":{"0":"post-5157","1":"product","2":"type-product","3":"status-publish","4":"has-post-thumbnail","6":"product_cat-cutting-boards","7":"pa_board-material-acacia","8":"sales-flash-overlay","9":"woocommerce-text-align-left","10":"woocommerce-image-align-center","11":"do-quantity-buttons","12":"wc-has-gallery","14":"first","15":"instock","16":"shipping-taxable","17":"product-type-simple"},"_links":{"self":[{"href":"https:\/\/leeknives.com\/de\/wp-json\/wp\/v2\/product\/5157","targetHints":{"allow":["GET"]}}],"collection":[{"href":"https:\/\/leeknives.com\/de\/wp-json\/wp\/v2\/product"}],"about":[{"href":"https:\/\/leeknives.com\/de\/wp-json\/wp\/v2\/types\/product"}],"wp:featuredmedia":[{"embeddable":true,"href":"https:\/\/leeknives.com\/de\/wp-json\/wp\/v2\/media\/7364"}],"wp:attachment":[{"href":"https:\/\/leeknives.com\/de\/wp-json\/wp\/v2\/media?parent=5157"}],"wp:term":[{"taxonomy":"product_brand","embeddable":true,"href":"https:\/\/leeknives.com\/de\/wp-json\/wp\/v2\/product_brand?post=5157"},{"taxonomy":"product_cat","embeddable":true,"href":"https:\/\/leeknives.com\/de\/wp-json\/wp\/v2\/product_cat?post=5157"},{"taxonomy":"product_tag","embeddable":true,"href":"https:\/\/leeknives.com\/de\/wp-json\/wp\/v2\/product_tag?post=5157"}],"curies":[{"name":"wp","href":"https:\/\/api.w.org\/{rel}","templated":true}]}}