{"id":5160,"date":"2022-08-23T19:27:05","date_gmt":"2022-08-23T11:27:05","guid":{"rendered":"https:\/\/leeknives.com\/?post_type=product&#038;p=5160"},"modified":"2023-12-22T15:20:14","modified_gmt":"2023-12-22T07:20:14","slug":"schneidebrett-lkcbo20009","status":"publish","type":"product","link":"https:\/\/leeknives.com\/de\/products\/cutting-board-lkcbo20009\/","title":{"rendered":"UV-bedrucktes Akazien-Schneidebrett mit Griff LKCBO20009"},"content":{"rendered":"","protected":false},"excerpt":{"rendered":"<h3>Highlights<\/h3>\n<p>Wendbar, Griff, Aufh\u00e4ngeloch, UV-Druck<\/p>\n<h3>Hauptmerkmale<\/h3>\n<ul>\n<li>Dieses Akazien-Schneidebrett hat ein unkonventionelles Design mit einer breiteren Unterseite, die an ein Serviertablett erinnert. Beide Seiten sind mit geometrischem UV-Kunstdruck bedruckt. Kontaktieren Sie uns, um das Kunstwerk individuell zu gestalten.<\/li>\n<li>Akazienholz ist nicht anf\u00e4llig f\u00fcr F\u00e4ulnis oder Wassereintritt. Es verf\u00fcgt au\u00dferdem \u00fcber eine selbstheilende Eigenschaft, die Bakterien abwehren kann.<\/li>\n<li>Beide Seiten des Schneidebretts stehen zum Schneiden zur Verf\u00fcgung. Diese Wendefunktion ist eine gro\u00dfe Hilfe, wenn Sie viel Essen zubereiten, aber keine Zeit zum sofortigen Reinigen haben.<\/li>\n<\/ul>","protected":false},"featured_media":7366,"template":"","meta":{"inline_featured_image":false},"product_brand":[],"product_cat":[87],"product_tag":[],"class_list":{"0":"post-5160","1":"product","2":"type-product","3":"status-publish","4":"has-post-thumbnail","6":"product_cat-cutting-boards","7":"pa_board-material-acacia","8":"sales-flash-overlay","9":"woocommerce-text-align-left","10":"woocommerce-image-align-center","11":"do-quantity-buttons","12":"wc-has-gallery","14":"first","15":"instock","16":"shipping-taxable","17":"product-type-simple"},"_links":{"self":[{"href":"https:\/\/leeknives.com\/de\/wp-json\/wp\/v2\/product\/5160","targetHints":{"allow":["GET"]}}],"collection":[{"href":"https:\/\/leeknives.com\/de\/wp-json\/wp\/v2\/product"}],"about":[{"href":"https:\/\/leeknives.com\/de\/wp-json\/wp\/v2\/types\/product"}],"wp:featuredmedia":[{"embeddable":true,"href":"https:\/\/leeknives.com\/de\/wp-json\/wp\/v2\/media\/7366"}],"wp:attachment":[{"href":"https:\/\/leeknives.com\/de\/wp-json\/wp\/v2\/media?parent=5160"}],"wp:term":[{"taxonomy":"product_brand","embeddable":true,"href":"https:\/\/leeknives.com\/de\/wp-json\/wp\/v2\/product_brand?post=5160"},{"taxonomy":"product_cat","embeddable":true,"href":"https:\/\/leeknives.com\/de\/wp-json\/wp\/v2\/product_cat?post=5160"},{"taxonomy":"product_tag","embeddable":true,"href":"https:\/\/leeknives.com\/de\/wp-json\/wp\/v2\/product_tag?post=5160"}],"curies":[{"name":"wp","href":"https:\/\/api.w.org\/{rel}","templated":true}]}}