{"id":5164,"date":"2022-08-23T19:30:07","date_gmt":"2022-08-23T11:30:07","guid":{"rendered":"https:\/\/leeknives.com\/?post_type=product&#038;p=5164"},"modified":"2023-12-22T15:20:01","modified_gmt":"2023-12-22T07:20:01","slug":"schneidebrett-lkcbo20010","status":"publish","type":"product","link":"https:\/\/leeknives.com\/de\/products\/cutting-board-lkcbo20010\/","title":{"rendered":"Schneidebrett aus Akazie mit Saftrille und Aufh\u00e4ngeloch LKCBO20010"},"content":{"rendered":"","protected":false},"excerpt":{"rendered":"<h3>Highlights<\/h3>\n<p>Saftrille, Aufh\u00e4ngeloch<\/p>\n<h3>Hauptmerkmale<\/h3>\n<ul>\n<li>Ein klassisches, rechteckiges Schneidebrett aus Akazienholz. Die dunkelbraune Oberfl\u00e4che erstrahlt im nat\u00fcrlichen Glanz der Akazie und ist somit eine stilvolle Wahl f\u00fcr ein Schneidebrett.<\/li>\n<li>Akazienholz ist nicht nur sch\u00f6n, sondern auch ein widerstandsf\u00e4higes Material, das Druck, scharfen Kanten und nat\u00fcrlichem Verfall standh\u00e4lt.<\/li>\n<li>Dieses Schneidebrett bietet zwei weitere zus\u00e4tzliche Funktionen: Die Aussparung an der Seite erm\u00f6glicht eine einfache h\u00e4ngende Aufbewahrung und die Saftrille auf der Oberfl\u00e4che hilft, \u00fcbersch\u00fcssige Fl\u00fcssigkeit aufzufangen.<\/li>\n<\/ul>","protected":false},"featured_media":7370,"template":"","meta":{"inline_featured_image":false},"product_brand":[],"product_cat":[87],"product_tag":[],"class_list":{"0":"post-5164","1":"product","2":"type-product","3":"status-publish","4":"has-post-thumbnail","6":"product_cat-cutting-boards","7":"pa_board-material-acacia","8":"sales-flash-overlay","9":"woocommerce-text-align-left","10":"woocommerce-image-align-center","11":"do-quantity-buttons","12":"wc-has-gallery","14":"first","15":"instock","16":"shipping-taxable","17":"product-type-simple"},"_links":{"self":[{"href":"https:\/\/leeknives.com\/de\/wp-json\/wp\/v2\/product\/5164","targetHints":{"allow":["GET"]}}],"collection":[{"href":"https:\/\/leeknives.com\/de\/wp-json\/wp\/v2\/product"}],"about":[{"href":"https:\/\/leeknives.com\/de\/wp-json\/wp\/v2\/types\/product"}],"wp:featuredmedia":[{"embeddable":true,"href":"https:\/\/leeknives.com\/de\/wp-json\/wp\/v2\/media\/7370"}],"wp:attachment":[{"href":"https:\/\/leeknives.com\/de\/wp-json\/wp\/v2\/media?parent=5164"}],"wp:term":[{"taxonomy":"product_brand","embeddable":true,"href":"https:\/\/leeknives.com\/de\/wp-json\/wp\/v2\/product_brand?post=5164"},{"taxonomy":"product_cat","embeddable":true,"href":"https:\/\/leeknives.com\/de\/wp-json\/wp\/v2\/product_cat?post=5164"},{"taxonomy":"product_tag","embeddable":true,"href":"https:\/\/leeknives.com\/de\/wp-json\/wp\/v2\/product_tag?post=5164"}],"curies":[{"name":"wp","href":"https:\/\/api.w.org\/{rel}","templated":true}]}}