{"id":5168,"date":"2022-08-23T19:33:51","date_gmt":"2022-08-23T11:33:51","guid":{"rendered":"https:\/\/leeknives.com\/?post_type=product&#038;p=5168"},"modified":"2023-12-22T15:19:54","modified_gmt":"2023-12-22T07:19:54","slug":"schneidebrett-lkcbo20011","status":"publish","type":"product","link":"https:\/\/leeknives.com\/de\/cutting-board-lkcbo20011\/","title":{"rendered":"4-teiliges Schneidebrett-Set aus Akazie mit Saftrille und abgerundeten Ecken LKCBO20011"},"content":{"rendered":"","protected":false},"excerpt":{"rendered":"<h3>Highlights<\/h3>\n<p>Saftrille, seitliche Griffvertiefungen, abgerundete Ecken<\/p>\n<h3>Hauptmerkmale<\/h3>\n<ul>\n<li>Dieses Set enth\u00e4lt vier Schneidebretter f\u00fcr K\u00f6che mit unterschiedlichen Bed\u00fcrfnissen. Sie sind nach Gr\u00f6\u00dfen und Codes als kleines eingraviertes Logo unten links getrennt.<\/li>\n<li>Alle Schneidebretter in diesem Set haben einen flachen, geriffelten Boden. Dabei handelt es sich um Saftrillen, die als Fl\u00fcssigkeitsr\u00fcckhalteraum dienen.<\/li>\n<li>An der Seite dieser Schneidebretter befinden sich zwei ausgesparte Vertiefungen. Stecken Sie Ihre Finger hinein und nutzen Sie diese als seitliche Griffe.<\/li>\n<\/ul>","protected":false},"featured_media":7372,"template":"","meta":{"inline_featured_image":false},"product_brand":[],"product_cat":[87],"product_tag":[],"class_list":{"0":"post-5168","1":"product","2":"type-product","3":"status-publish","4":"has-post-thumbnail","6":"product_cat-cutting-boards","7":"pa_board-material-acacia","8":"sales-flash-overlay","9":"woocommerce-text-align-left","10":"woocommerce-image-align-center","11":"do-quantity-buttons","12":"wc-has-gallery","14":"first","15":"instock","16":"shipping-taxable","17":"product-type-simple"},"_links":{"self":[{"href":"https:\/\/leeknives.com\/de\/wp-json\/wp\/v2\/product\/5168","targetHints":{"allow":["GET"]}}],"collection":[{"href":"https:\/\/leeknives.com\/de\/wp-json\/wp\/v2\/product"}],"about":[{"href":"https:\/\/leeknives.com\/de\/wp-json\/wp\/v2\/types\/product"}],"wp:featuredmedia":[{"embeddable":true,"href":"https:\/\/leeknives.com\/de\/wp-json\/wp\/v2\/media\/7372"}],"wp:attachment":[{"href":"https:\/\/leeknives.com\/de\/wp-json\/wp\/v2\/media?parent=5168"}],"wp:term":[{"taxonomy":"product_brand","embeddable":true,"href":"https:\/\/leeknives.com\/de\/wp-json\/wp\/v2\/product_brand?post=5168"},{"taxonomy":"product_cat","embeddable":true,"href":"https:\/\/leeknives.com\/de\/wp-json\/wp\/v2\/product_cat?post=5168"},{"taxonomy":"product_tag","embeddable":true,"href":"https:\/\/leeknives.com\/de\/wp-json\/wp\/v2\/product_tag?post=5168"}],"curies":[{"name":"wp","href":"https:\/\/api.w.org\/{rel}","templated":true}]}}