{"id":5176,"date":"2022-08-23T19:37:55","date_gmt":"2022-08-23T11:37:55","guid":{"rendered":"https:\/\/leeknives.com\/?post_type=product&#038;p=5176"},"modified":"2023-12-22T15:19:45","modified_gmt":"2023-12-22T07:19:45","slug":"schneidebrett-lkcbo20012","status":"publish","type":"product","link":"https:\/\/leeknives.com\/de\/cutting-board-lkcbo20012\/","title":{"rendered":"3-teiliges Schneidebrett-Set aus Akazie mit Saftrille und abgerundeten Ecken LKCBO20012"},"content":{"rendered":"","protected":false},"excerpt":{"rendered":"<h3>Highlights<\/h3>\n<p>Saftrille, abgerundete Ecken<\/p>\n<h3>Hauptmerkmale<\/h3>\n<ul>\n<li>Das 3-teilige Set bew\u00e4ltigt Schneideaufgaben aller Art. Trennen Sie Ihre Schneidebereiche nach Brot, Obst, Fleisch und Gem\u00fcse, um Geschmacksvermischungen zu vermeiden.<\/li>\n<li>Alle drei Teile sind mit einer Saftrinne zum Einpflanzen und abgerundeten Ecken ausgestattet. Die Saftrinne funktioniert \u00e4hnlich wie ein Abwasserkanal, w\u00e4hrend die abgerundeten Ecken vor Rissen sch\u00fctzen.<\/li>\n<li>Ausschlie\u00dflich aus Akazienholz gefertigt. Dieses herausragende Hartholz ist extrem langlebig und gl\u00e4nzt durch seine Widerstandsf\u00e4higkeit gegen F\u00e4ulnis.<\/li>\n<\/ul>","protected":false},"featured_media":7380,"template":"","meta":{"inline_featured_image":false},"product_brand":[],"product_cat":[87],"product_tag":[],"class_list":{"0":"post-5176","1":"product","2":"type-product","3":"status-publish","4":"has-post-thumbnail","6":"product_cat-cutting-boards","7":"pa_board-material-acacia","8":"sales-flash-overlay","9":"woocommerce-text-align-left","10":"woocommerce-image-align-center","11":"do-quantity-buttons","12":"wc-has-gallery","14":"first","15":"instock","16":"shipping-taxable","17":"product-type-simple"},"_links":{"self":[{"href":"https:\/\/leeknives.com\/de\/wp-json\/wp\/v2\/product\/5176","targetHints":{"allow":["GET"]}}],"collection":[{"href":"https:\/\/leeknives.com\/de\/wp-json\/wp\/v2\/product"}],"about":[{"href":"https:\/\/leeknives.com\/de\/wp-json\/wp\/v2\/types\/product"}],"wp:featuredmedia":[{"embeddable":true,"href":"https:\/\/leeknives.com\/de\/wp-json\/wp\/v2\/media\/7380"}],"wp:attachment":[{"href":"https:\/\/leeknives.com\/de\/wp-json\/wp\/v2\/media?parent=5176"}],"wp:term":[{"taxonomy":"product_brand","embeddable":true,"href":"https:\/\/leeknives.com\/de\/wp-json\/wp\/v2\/product_brand?post=5176"},{"taxonomy":"product_cat","embeddable":true,"href":"https:\/\/leeknives.com\/de\/wp-json\/wp\/v2\/product_cat?post=5176"},{"taxonomy":"product_tag","embeddable":true,"href":"https:\/\/leeknives.com\/de\/wp-json\/wp\/v2\/product_tag?post=5176"}],"curies":[{"name":"wp","href":"https:\/\/api.w.org\/{rel}","templated":true}]}}