{"id":5182,"date":"2022-08-23T19:46:45","date_gmt":"2022-08-23T11:46:45","guid":{"rendered":"https:\/\/leeknives.com\/?post_type=product&#038;p=5182"},"modified":"2023-12-22T15:19:30","modified_gmt":"2023-12-22T07:19:30","slug":"schneidebrett-lkcbo20013","status":"publish","type":"product","link":"https:\/\/leeknives.com\/de\/cutting-board-lkcbo20013\/","title":{"rendered":"3-teiliges Schneidebrett-Set aus Akazie mit Saftrille und Griff LKCBO20013"},"content":{"rendered":"","protected":false},"excerpt":{"rendered":"<h3>Highlights<\/h3>\n<p>Saftrille, Griff<\/p>\n<h3>Hauptmerkmale<\/h3>\n<ul>\n<li>Ein 3-teiliges asymmetrisches Schneidebrettpaket mit unterschiedlichen Gr\u00f6\u00dfen f\u00fcr mehrere Aufgaben.<\/li>\n<li>Komplett aus Akazienholz gefertigt. Dieses hochwertige Hartholz garantiert eine lange Lebensdauer und ist in jeder Hinsicht strapazierf\u00e4hig.<\/li>\n<li>Das unkonventionelle Griffdesign unterbricht den oberen Teil des Bretts und schafft so eine asymmetrische Erweiterung f\u00fcr mehr Platz zum Heben.<\/li>\n<\/ul>","protected":false},"featured_media":7383,"template":"","meta":{"inline_featured_image":false},"product_brand":[],"product_cat":[87],"product_tag":[],"class_list":{"0":"post-5182","1":"product","2":"type-product","3":"status-publish","4":"has-post-thumbnail","6":"product_cat-cutting-boards","7":"pa_board-material-acacia","8":"sales-flash-overlay","9":"woocommerce-text-align-left","10":"woocommerce-image-align-center","11":"do-quantity-buttons","12":"wc-has-gallery","14":"first","15":"instock","16":"shipping-taxable","17":"product-type-simple"},"_links":{"self":[{"href":"https:\/\/leeknives.com\/de\/wp-json\/wp\/v2\/product\/5182","targetHints":{"allow":["GET"]}}],"collection":[{"href":"https:\/\/leeknives.com\/de\/wp-json\/wp\/v2\/product"}],"about":[{"href":"https:\/\/leeknives.com\/de\/wp-json\/wp\/v2\/types\/product"}],"wp:featuredmedia":[{"embeddable":true,"href":"https:\/\/leeknives.com\/de\/wp-json\/wp\/v2\/media\/7383"}],"wp:attachment":[{"href":"https:\/\/leeknives.com\/de\/wp-json\/wp\/v2\/media?parent=5182"}],"wp:term":[{"taxonomy":"product_brand","embeddable":true,"href":"https:\/\/leeknives.com\/de\/wp-json\/wp\/v2\/product_brand?post=5182"},{"taxonomy":"product_cat","embeddable":true,"href":"https:\/\/leeknives.com\/de\/wp-json\/wp\/v2\/product_cat?post=5182"},{"taxonomy":"product_tag","embeddable":true,"href":"https:\/\/leeknives.com\/de\/wp-json\/wp\/v2\/product_tag?post=5182"}],"curies":[{"name":"wp","href":"https:\/\/api.w.org\/{rel}","templated":true}]}}