{"id":5185,"date":"2022-08-23T19:52:06","date_gmt":"2022-08-23T11:52:06","guid":{"rendered":"https:\/\/leeknives.com\/?post_type=product&#038;p=5185"},"modified":"2023-12-22T15:19:18","modified_gmt":"2023-12-22T07:19:18","slug":"schneidebrett-lkcbo20014","status":"publish","type":"product","link":"https:\/\/leeknives.com\/de\/cutting-board-lkcbo20014\/","title":{"rendered":"4-teiliges Schneidebrett-Set aus Akazie mit Saftrille LKCBO20014"},"content":{"rendered":"","protected":false},"excerpt":{"rendered":"<h3>Highlights<\/h3>\n<p>Saftgroove<\/p>\n<h3>Hauptmerkmale<\/h3>\n<ul>\n<li>Dieses 4-teilige Schneidebrett-Set bietet verschiedene Gr\u00f6\u00dfen f\u00fcr alle kulinarischen Bed\u00fcrfnisse. Die vier Schneidebretter sind an dem eingravierten Symbol oben rechts zu erkennen.<\/li>\n<li>Komplett aus Akazienholz gefertigt: Ein unverw\u00fcstliches, langlebiges und dennoch messerfreundliches Material, das Ihnen mit Sicherheit Freude bereiten wird.<\/li>\n<li>Alle vier Schneidebretter verf\u00fcgen \u00fcber zwei praktische Funktionen: Zum einen \u00fcber die Aussparung oben links zum einfachen Aufh\u00e4ngen und zum anderen \u00fcber die eingekerbte Saftrille zum Auffangen von Saft.<\/li>\n<\/ul>","protected":false},"featured_media":7385,"template":"","meta":{"inline_featured_image":false},"product_brand":[],"product_cat":[87],"product_tag":[],"class_list":{"0":"post-5185","1":"product","2":"type-product","3":"status-publish","4":"has-post-thumbnail","6":"product_cat-cutting-boards","7":"pa_board-material-acacia","8":"sales-flash-overlay","9":"woocommerce-text-align-left","10":"woocommerce-image-align-center","11":"do-quantity-buttons","12":"wc-has-gallery","14":"first","15":"instock","16":"shipping-taxable","17":"product-type-simple"},"_links":{"self":[{"href":"https:\/\/leeknives.com\/de\/wp-json\/wp\/v2\/product\/5185","targetHints":{"allow":["GET"]}}],"collection":[{"href":"https:\/\/leeknives.com\/de\/wp-json\/wp\/v2\/product"}],"about":[{"href":"https:\/\/leeknives.com\/de\/wp-json\/wp\/v2\/types\/product"}],"wp:featuredmedia":[{"embeddable":true,"href":"https:\/\/leeknives.com\/de\/wp-json\/wp\/v2\/media\/7385"}],"wp:attachment":[{"href":"https:\/\/leeknives.com\/de\/wp-json\/wp\/v2\/media?parent=5185"}],"wp:term":[{"taxonomy":"product_brand","embeddable":true,"href":"https:\/\/leeknives.com\/de\/wp-json\/wp\/v2\/product_brand?post=5185"},{"taxonomy":"product_cat","embeddable":true,"href":"https:\/\/leeknives.com\/de\/wp-json\/wp\/v2\/product_cat?post=5185"},{"taxonomy":"product_tag","embeddable":true,"href":"https:\/\/leeknives.com\/de\/wp-json\/wp\/v2\/product_tag?post=5185"}],"curies":[{"name":"wp","href":"https:\/\/api.w.org\/{rel}","templated":true}]}}