{"id":5190,"date":"2022-08-23T19:53:59","date_gmt":"2022-08-23T11:53:59","guid":{"rendered":"https:\/\/leeknives.com\/?post_type=product&#038;p=5190"},"modified":"2023-12-22T15:19:08","modified_gmt":"2023-12-22T07:19:08","slug":"schneidebrett-lkcbo20015","status":"publish","type":"product","link":"https:\/\/leeknives.com\/de\/products\/cutting-board-lkcbo20015\/","title":{"rendered":"Schneidebrett aus Endkorn-Teakholz mit Griff und Saftrille LKCBO20015"},"content":{"rendered":"","protected":false},"excerpt":{"rendered":"<h3>Highlights<\/h3>\n<p>Hirnholz, Griff, Saftrille<\/p>\n<h3>Hauptmerkmale<\/h3>\n<ul>\n<li>Hergestellt aus Endkorn-Teakholz mit gold- bis dunkelbraunem Farbton. Teakholz gilt als Goldstandard in Sachen F\u00e4ulnisbest\u00e4ndigkeit und ist ein sehr hartes Holz, das im Janka-H\u00e4rtetest 1070 lbf erreicht.<\/li>\n<li>Hirnholz-Schneidebretter sind am schonendsten f\u00fcr Messerklingen. Die Fasern des Holzes verlaufen vertikal, wodurch Klingensch\u00e4den weitgehend vermieden werden.<\/li>\n<li>Die seitliche Rille ist ein nettes Feature, wenn der Benutzer h\u00e4ufig saftiges Obst und Gem\u00fcse schneidet.<\/li>\n<\/ul>","protected":false},"featured_media":7389,"template":"","meta":{"inline_featured_image":false},"product_brand":[],"product_cat":[87],"product_tag":[],"class_list":{"0":"post-5190","1":"product","2":"type-product","3":"status-publish","4":"has-post-thumbnail","6":"product_cat-cutting-boards","7":"pa_board-material-teak","8":"sales-flash-overlay","9":"woocommerce-text-align-left","10":"woocommerce-image-align-center","11":"do-quantity-buttons","12":"wc-has-gallery","14":"first","15":"instock","16":"shipping-taxable","17":"product-type-simple"},"_links":{"self":[{"href":"https:\/\/leeknives.com\/de\/wp-json\/wp\/v2\/product\/5190","targetHints":{"allow":["GET"]}}],"collection":[{"href":"https:\/\/leeknives.com\/de\/wp-json\/wp\/v2\/product"}],"about":[{"href":"https:\/\/leeknives.com\/de\/wp-json\/wp\/v2\/types\/product"}],"wp:featuredmedia":[{"embeddable":true,"href":"https:\/\/leeknives.com\/de\/wp-json\/wp\/v2\/media\/7389"}],"wp:attachment":[{"href":"https:\/\/leeknives.com\/de\/wp-json\/wp\/v2\/media?parent=5190"}],"wp:term":[{"taxonomy":"product_brand","embeddable":true,"href":"https:\/\/leeknives.com\/de\/wp-json\/wp\/v2\/product_brand?post=5190"},{"taxonomy":"product_cat","embeddable":true,"href":"https:\/\/leeknives.com\/de\/wp-json\/wp\/v2\/product_cat?post=5190"},{"taxonomy":"product_tag","embeddable":true,"href":"https:\/\/leeknives.com\/de\/wp-json\/wp\/v2\/product_tag?post=5190"}],"curies":[{"name":"wp","href":"https:\/\/api.w.org\/{rel}","templated":true}]}}