{"id":5193,"date":"2022-08-23T20:00:23","date_gmt":"2022-08-23T12:00:23","guid":{"rendered":"https:\/\/leeknives.com\/?post_type=product&#038;p=5193"},"modified":"2023-12-22T15:15:40","modified_gmt":"2023-12-22T07:15:40","slug":"schneidebrett-lkcbo20016","status":"publish","type":"product","link":"https:\/\/leeknives.com\/de\/cutting-board-lkcbo20016\/","title":{"rendered":"Rundes Schneidebrett aus Teakholz mit Hirnholz und seitlichen Griffvertiefungen LKCBO20016"},"content":{"rendered":"","protected":false},"excerpt":{"rendered":"<h3>Highlights<\/h3>\n<p>Hirnholz, seitliche Griffeinkerbungen<\/p>\n<h3>Hauptmerkmale<\/h3>\n<ul>\n<li>Dieses runde Schneidebrett aus Teakholz hat einen Durchmesser von ca. 35,6 cm und ist 3,8 cm dick. Ein Schneidebrett mittlerer Gr\u00f6\u00dfe, das sich sowohl zum Zerlegen als auch zum normalen Schneiden eignet.<\/li>\n<li>Endmaser-Teakholz ist wahrscheinlich eines der gefragtesten Materialien f\u00fcr die Herstellung von Schneidebrettern. Die vertikale Faser des Endholzes verschlei\u00dft im Vergleich zur L\u00e4ngs- oder Kantenmaserung nur wenig Material des Messers.<\/li>\n<li>An der Seite des Schneidebretts befinden sich zwei Vertiefungen, die mit den H\u00e4nden angehoben werden k\u00f6nnen. Dies ist das einzigartige Griffdesign.<\/li>\n<\/ul>","protected":false},"featured_media":7391,"template":"","meta":{"inline_featured_image":false},"product_brand":[],"product_cat":[87],"product_tag":[],"class_list":{"0":"post-5193","1":"product","2":"type-product","3":"status-publish","4":"has-post-thumbnail","6":"product_cat-cutting-boards","7":"pa_board-material-teak","8":"sales-flash-overlay","9":"woocommerce-text-align-left","10":"woocommerce-image-align-center","11":"do-quantity-buttons","12":"wc-has-gallery","14":"first","15":"instock","16":"shipping-taxable","17":"product-type-simple"},"_links":{"self":[{"href":"https:\/\/leeknives.com\/de\/wp-json\/wp\/v2\/product\/5193","targetHints":{"allow":["GET"]}}],"collection":[{"href":"https:\/\/leeknives.com\/de\/wp-json\/wp\/v2\/product"}],"about":[{"href":"https:\/\/leeknives.com\/de\/wp-json\/wp\/v2\/types\/product"}],"wp:featuredmedia":[{"embeddable":true,"href":"https:\/\/leeknives.com\/de\/wp-json\/wp\/v2\/media\/7391"}],"wp:attachment":[{"href":"https:\/\/leeknives.com\/de\/wp-json\/wp\/v2\/media?parent=5193"}],"wp:term":[{"taxonomy":"product_brand","embeddable":true,"href":"https:\/\/leeknives.com\/de\/wp-json\/wp\/v2\/product_brand?post=5193"},{"taxonomy":"product_cat","embeddable":true,"href":"https:\/\/leeknives.com\/de\/wp-json\/wp\/v2\/product_cat?post=5193"},{"taxonomy":"product_tag","embeddable":true,"href":"https:\/\/leeknives.com\/de\/wp-json\/wp\/v2\/product_tag?post=5193"}],"curies":[{"name":"wp","href":"https:\/\/api.w.org\/{rel}","templated":true}]}}