{"id":5198,"date":"2022-08-23T20:03:21","date_gmt":"2022-08-23T12:03:21","guid":{"rendered":"https:\/\/leeknives.com\/?post_type=product&#038;p=5198"},"modified":"2023-12-22T15:15:30","modified_gmt":"2023-12-22T07:15:30","slug":"schneidebrett-lkcbo20017","status":"publish","type":"product","link":"https:\/\/leeknives.com\/de\/products\/cutting-board-lkcbo20017\/","title":{"rendered":"Rundes Schneidebrett aus Teakholz mit Hirnholz und seitlichen Griffvertiefungen LKCBO20017"},"content":{"rendered":"","protected":false},"excerpt":{"rendered":"<h3>Highlights<\/h3>\n<p>Hirnholz, seitliche Griffeinkerbungen<\/p>\n<h3>Hauptmerkmale<\/h3>\n<ul>\n<li>Teakholz ist hinsichtlich seiner F\u00e4ulnisbest\u00e4ndigkeit der Ma\u00dfstab aller H\u00f6lzer. Seine Form und Leistungsf\u00e4higkeit k\u00f6nnen kaum durch chemische Substanzen oder Wasser beeintr\u00e4chtigt werden.<\/li>\n<li>Hergestellt aus mehreren, polierten und zusammengesetzten Hirnholzarten. Hirnholz ist eine teurere, aber haltbarere Holzart. Sie schonen au\u00dferdem die Messer deutlich.<\/li>\n<li>Auf der R\u00fcckseite des Bretts befinden sich am Rand zwei eingekerbte Griffe. K\u00f6che k\u00f6nnen das Brett mit geschnittenen Zutaten bequem tragen oder f\u00fcr den Einsatz im Freien mitnehmen.<\/li>\n<\/ul>","protected":false},"featured_media":7394,"template":"","meta":{"inline_featured_image":false},"product_brand":[],"product_cat":[87],"product_tag":[],"class_list":{"0":"post-5198","1":"product","2":"type-product","3":"status-publish","4":"has-post-thumbnail","6":"product_cat-cutting-boards","7":"pa_board-material-teak","8":"sales-flash-overlay","9":"woocommerce-text-align-left","10":"woocommerce-image-align-center","11":"do-quantity-buttons","12":"wc-has-gallery","14":"first","15":"instock","16":"shipping-taxable","17":"product-type-simple"},"_links":{"self":[{"href":"https:\/\/leeknives.com\/de\/wp-json\/wp\/v2\/product\/5198","targetHints":{"allow":["GET"]}}],"collection":[{"href":"https:\/\/leeknives.com\/de\/wp-json\/wp\/v2\/product"}],"about":[{"href":"https:\/\/leeknives.com\/de\/wp-json\/wp\/v2\/types\/product"}],"wp:featuredmedia":[{"embeddable":true,"href":"https:\/\/leeknives.com\/de\/wp-json\/wp\/v2\/media\/7394"}],"wp:attachment":[{"href":"https:\/\/leeknives.com\/de\/wp-json\/wp\/v2\/media?parent=5198"}],"wp:term":[{"taxonomy":"product_brand","embeddable":true,"href":"https:\/\/leeknives.com\/de\/wp-json\/wp\/v2\/product_brand?post=5198"},{"taxonomy":"product_cat","embeddable":true,"href":"https:\/\/leeknives.com\/de\/wp-json\/wp\/v2\/product_cat?post=5198"},{"taxonomy":"product_tag","embeddable":true,"href":"https:\/\/leeknives.com\/de\/wp-json\/wp\/v2\/product_tag?post=5198"}],"curies":[{"name":"wp","href":"https:\/\/api.w.org\/{rel}","templated":true}]}}