{"id":5203,"date":"2022-08-23T20:08:15","date_gmt":"2022-08-23T12:08:15","guid":{"rendered":"https:\/\/leeknives.com\/?post_type=product&#038;p=5203"},"modified":"2023-12-22T15:15:21","modified_gmt":"2023-12-22T07:15:21","slug":"schneidebrett-lkcbo20018","status":"publish","type":"product","link":"https:\/\/leeknives.com\/de\/cutting-board-lkcbo20018\/","title":{"rendered":"Schneidebrett aus Endkorn-Teakholz mit abgerundeten Ecken LKCBO20018"},"content":{"rendered":"","protected":false},"excerpt":{"rendered":"<h3>Highlights<\/h3>\n<p>Wendbar, Hirnholz, abgerundete Ecken<\/p>\n<h3>Hauptmerkmale<\/h3>\n<ul>\n<li>Dieses Holzschneidebrett ist aus Teakholz-Hirnbl\u00f6cken gefertigt. Es misst 41,9 cm in der L\u00e4nge und 31,8 cm in der Breite. Eine hervorragende Schneideunterlage f\u00fcr jede K\u00fcche.<\/li>\n<li>Das Hirnholz ist die Oberseite eines Holzes. Es ist deutlich robuster als die andere Seite des Holzes und kann einige schwere Schl\u00e4ge aushalten, ohne bleibende Sch\u00e4den zu hinterlassen.<\/li>\n<li>Das Schneidebrett verf\u00fcgt \u00fcber zwei verf\u00fcgbare Schneidefl\u00e4chen. Vorder- und R\u00fcckseite k\u00f6nnen von K\u00f6chen austauschbar verwendet werden.<\/li>\n<\/ul>","protected":false},"featured_media":7398,"template":"","meta":{"inline_featured_image":false},"product_brand":[],"product_cat":[87],"product_tag":[],"class_list":{"0":"post-5203","1":"product","2":"type-product","3":"status-publish","4":"has-post-thumbnail","6":"product_cat-cutting-boards","7":"pa_board-material-teak","8":"sales-flash-overlay","9":"woocommerce-text-align-left","10":"woocommerce-image-align-center","11":"do-quantity-buttons","12":"wc-has-gallery","14":"first","15":"instock","16":"shipping-taxable","17":"product-type-simple"},"_links":{"self":[{"href":"https:\/\/leeknives.com\/de\/wp-json\/wp\/v2\/product\/5203","targetHints":{"allow":["GET"]}}],"collection":[{"href":"https:\/\/leeknives.com\/de\/wp-json\/wp\/v2\/product"}],"about":[{"href":"https:\/\/leeknives.com\/de\/wp-json\/wp\/v2\/types\/product"}],"wp:featuredmedia":[{"embeddable":true,"href":"https:\/\/leeknives.com\/de\/wp-json\/wp\/v2\/media\/7398"}],"wp:attachment":[{"href":"https:\/\/leeknives.com\/de\/wp-json\/wp\/v2\/media?parent=5203"}],"wp:term":[{"taxonomy":"product_brand","embeddable":true,"href":"https:\/\/leeknives.com\/de\/wp-json\/wp\/v2\/product_brand?post=5203"},{"taxonomy":"product_cat","embeddable":true,"href":"https:\/\/leeknives.com\/de\/wp-json\/wp\/v2\/product_cat?post=5203"},{"taxonomy":"product_tag","embeddable":true,"href":"https:\/\/leeknives.com\/de\/wp-json\/wp\/v2\/product_tag?post=5203"}],"curies":[{"name":"wp","href":"https:\/\/api.w.org\/{rel}","templated":true}]}}