{"id":5208,"date":"2022-08-23T20:10:44","date_gmt":"2022-08-23T12:10:44","guid":{"rendered":"https:\/\/leeknives.com\/?post_type=product&#038;p=5208"},"modified":"2023-12-22T15:15:09","modified_gmt":"2023-12-22T07:15:09","slug":"schneidebrett-lkcbo20019","status":"publish","type":"product","link":"https:\/\/leeknives.com\/de\/products\/cutting-board-lkcbo20019\/","title":{"rendered":"Schneidebrett aus Endkorn-Teakholz mit abgerundeten Ecken und seitlichen Griffvertiefungen LKCBO20019"},"content":{"rendered":"","protected":false},"excerpt":{"rendered":"<h3>Highlights<\/h3>\n<p>Hirnholz, abgerundete Ecken, seitliche Griffvertiefungen<\/p>\n<h3>Hauptmerkmale<\/h3>\n<ul>\n<li>Teakholz ist in der Welt der Holzschmiede kein Unbekannter, da es sich durch seine hohe F\u00e4ulnisbest\u00e4ndigkeit auszeichnet. Man kann mit Sicherheit sagen, dass Teakholz mit gro\u00dfem Abstand zu den haltbarsten H\u00f6lzern geh\u00f6rt.<\/li>\n<li>Sowohl oben als auch unten befindet sich ein Griffdesign mit Einkerbung. Das Tragen dieses Schneidebretts wird nie ein Problem sein.<\/li>\n<li>Das Schneidebrett wurde aus Teakholz mit Hirnholz und Klebstoffen zusammengesetzt. Hirnholz ist im Vergleich zu L\u00e4ngsholz oder L\u00e4ngsholz haltbarer.<\/li>\n<\/ul>","protected":false},"featured_media":7402,"template":"","meta":{"inline_featured_image":false},"product_brand":[],"product_cat":[87],"product_tag":[],"class_list":{"0":"post-5208","1":"product","2":"type-product","3":"status-publish","4":"has-post-thumbnail","6":"product_cat-cutting-boards","7":"pa_board-material-teak","8":"sales-flash-overlay","9":"woocommerce-text-align-left","10":"woocommerce-image-align-center","11":"do-quantity-buttons","12":"wc-has-gallery","14":"first","15":"instock","16":"shipping-taxable","17":"product-type-simple"},"_links":{"self":[{"href":"https:\/\/leeknives.com\/de\/wp-json\/wp\/v2\/product\/5208","targetHints":{"allow":["GET"]}}],"collection":[{"href":"https:\/\/leeknives.com\/de\/wp-json\/wp\/v2\/product"}],"about":[{"href":"https:\/\/leeknives.com\/de\/wp-json\/wp\/v2\/types\/product"}],"wp:featuredmedia":[{"embeddable":true,"href":"https:\/\/leeknives.com\/de\/wp-json\/wp\/v2\/media\/7402"}],"wp:attachment":[{"href":"https:\/\/leeknives.com\/de\/wp-json\/wp\/v2\/media?parent=5208"}],"wp:term":[{"taxonomy":"product_brand","embeddable":true,"href":"https:\/\/leeknives.com\/de\/wp-json\/wp\/v2\/product_brand?post=5208"},{"taxonomy":"product_cat","embeddable":true,"href":"https:\/\/leeknives.com\/de\/wp-json\/wp\/v2\/product_cat?post=5208"},{"taxonomy":"product_tag","embeddable":true,"href":"https:\/\/leeknives.com\/de\/wp-json\/wp\/v2\/product_tag?post=5208"}],"curies":[{"name":"wp","href":"https:\/\/api.w.org\/{rel}","templated":true}]}}