{"id":5212,"date":"2022-08-23T20:13:55","date_gmt":"2022-08-23T12:13:55","guid":{"rendered":"https:\/\/leeknives.com\/?post_type=product&#038;p=5212"},"modified":"2023-12-22T15:15:00","modified_gmt":"2023-12-22T07:15:00","slug":"schneidebrett-lkcbo20020","status":"publish","type":"product","link":"https:\/\/leeknives.com\/de\/products\/cutting-board-lkcbo20020\/","title":{"rendered":"Akazien-Schneidebrett mit Saftrille und Griff LKCBO20020"},"content":{"rendered":"","protected":false},"excerpt":{"rendered":"<h3>Highlights<\/h3>\n<p>Saftrille, Griff<\/p>\n<h3>Hauptmerkmale<\/h3>\n<ul>\n<li>Akazie ist eine beliebte Hartholzart. Stabil mit gerader Maserung, unempfindlich gegen\u00fcber Witterungseinfl\u00fcssen, Hitze, Sch\u00e4dlingen oder anderen Umwelteinfl\u00fcssen.<\/li>\n<li>Dieses Schneidebrett hat vier abgerundete Ecken, um das Risiko von Rissen beim Ansto\u00dfen an harte Gegenst\u00e4nde zu verringern. Dies dient auch der Sicherheit f\u00fcr Kinder.<\/li>\n<li>Andere Designs wie die eingekerbte Saftrille und der Metallgriff sind sch\u00f6ne Details des Schneidebretts, das ein hervorragendes Preis-Leistungs-Verh\u00e4ltnis bietet.<\/li>\n<\/ul>","protected":false},"featured_media":7405,"template":"","meta":{"inline_featured_image":false},"product_brand":[],"product_cat":[87],"product_tag":[],"class_list":{"0":"post-5212","1":"product","2":"type-product","3":"status-publish","4":"has-post-thumbnail","6":"product_cat-cutting-boards","7":"pa_board-material-acacia","8":"sales-flash-overlay","9":"woocommerce-text-align-left","10":"woocommerce-image-align-center","11":"do-quantity-buttons","12":"wc-has-gallery","14":"first","15":"instock","16":"shipping-taxable","17":"product-type-simple"},"_links":{"self":[{"href":"https:\/\/leeknives.com\/de\/wp-json\/wp\/v2\/product\/5212","targetHints":{"allow":["GET"]}}],"collection":[{"href":"https:\/\/leeknives.com\/de\/wp-json\/wp\/v2\/product"}],"about":[{"href":"https:\/\/leeknives.com\/de\/wp-json\/wp\/v2\/types\/product"}],"wp:featuredmedia":[{"embeddable":true,"href":"https:\/\/leeknives.com\/de\/wp-json\/wp\/v2\/media\/7405"}],"wp:attachment":[{"href":"https:\/\/leeknives.com\/de\/wp-json\/wp\/v2\/media?parent=5212"}],"wp:term":[{"taxonomy":"product_brand","embeddable":true,"href":"https:\/\/leeknives.com\/de\/wp-json\/wp\/v2\/product_brand?post=5212"},{"taxonomy":"product_cat","embeddable":true,"href":"https:\/\/leeknives.com\/de\/wp-json\/wp\/v2\/product_cat?post=5212"},{"taxonomy":"product_tag","embeddable":true,"href":"https:\/\/leeknives.com\/de\/wp-json\/wp\/v2\/product_tag?post=5212"}],"curies":[{"name":"wp","href":"https:\/\/api.w.org\/{rel}","templated":true}]}}