{"id":5215,"date":"2022-08-23T20:17:33","date_gmt":"2022-08-23T12:17:33","guid":{"rendered":"https:\/\/leeknives.com\/?post_type=product&#038;p=5215"},"modified":"2023-12-22T15:14:51","modified_gmt":"2023-12-22T07:14:51","slug":"schneidebrett-lkcbo20021","status":"publish","type":"product","link":"https:\/\/leeknives.com\/de\/products\/cutting-board-lkcbo20021\/","title":{"rendered":"Schneidebrett aus Akazienholz mit abgerundeten Ecken und seitlichen Griffvertiefungen LKCBO20021"},"content":{"rendered":"","protected":false},"excerpt":{"rendered":"<h3>Highlights<\/h3>\n<p>Hirnholz, abgerundete Ecken, seitliche Griffvertiefungen<\/p>\n<h3>Hauptmerkmale<\/h3>\n<ul>\n<li>Hergestellt aus hochwertigen Akazienholzst\u00fccken mit Hirnholz, die in einem Schachbrettmuster angeordnet sind. Akazienholz ist eine luxuri\u00f6se Holzart, die f\u00fcr ihre Robustheit und Robustheit bekannt ist.<\/li>\n<li>Die Holzmaserung verst\u00e4rkt die Qualit\u00e4t von Akazienholz. Sie ist die widerstandsf\u00e4higste Seite des Holzes und zugleich die nachgiebigste Seite, die die Messerschneide nicht so stark besch\u00e4digt.<\/li>\n<li>Die seitliche Vertiefung stellt ein einzigartiges Griffdesign dar. Sie k\u00f6nnen dieses schwere Brett problemlos anheben, um geschnittene Lebensmittel zu transportieren.<\/li>\n<\/ul>","protected":false},"featured_media":7407,"template":"","meta":{"inline_featured_image":false},"product_brand":[],"product_cat":[87],"product_tag":[],"class_list":{"0":"post-5215","1":"product","2":"type-product","3":"status-publish","4":"has-post-thumbnail","6":"product_cat-cutting-boards","7":"pa_board-material-acacia","8":"sales-flash-overlay","9":"woocommerce-text-align-left","10":"woocommerce-image-align-center","11":"do-quantity-buttons","12":"wc-has-gallery","14":"first","15":"instock","16":"shipping-taxable","17":"product-type-simple"},"_links":{"self":[{"href":"https:\/\/leeknives.com\/de\/wp-json\/wp\/v2\/product\/5215","targetHints":{"allow":["GET"]}}],"collection":[{"href":"https:\/\/leeknives.com\/de\/wp-json\/wp\/v2\/product"}],"about":[{"href":"https:\/\/leeknives.com\/de\/wp-json\/wp\/v2\/types\/product"}],"wp:featuredmedia":[{"embeddable":true,"href":"https:\/\/leeknives.com\/de\/wp-json\/wp\/v2\/media\/7407"}],"wp:attachment":[{"href":"https:\/\/leeknives.com\/de\/wp-json\/wp\/v2\/media?parent=5215"}],"wp:term":[{"taxonomy":"product_brand","embeddable":true,"href":"https:\/\/leeknives.com\/de\/wp-json\/wp\/v2\/product_brand?post=5215"},{"taxonomy":"product_cat","embeddable":true,"href":"https:\/\/leeknives.com\/de\/wp-json\/wp\/v2\/product_cat?post=5215"},{"taxonomy":"product_tag","embeddable":true,"href":"https:\/\/leeknives.com\/de\/wp-json\/wp\/v2\/product_tag?post=5215"}],"curies":[{"name":"wp","href":"https:\/\/api.w.org\/{rel}","templated":true}]}}