{"id":5219,"date":"2022-08-23T20:19:59","date_gmt":"2022-08-23T12:19:59","guid":{"rendered":"https:\/\/leeknives.com\/?post_type=product&#038;p=5219"},"modified":"2023-12-22T15:14:32","modified_gmt":"2023-12-22T07:14:32","slug":"schneidebrett-lkcbo20022","status":"publish","type":"product","link":"https:\/\/leeknives.com\/de\/products\/cutting-board-lkcbo20022\/","title":{"rendered":"Rundes Schneidebrett aus Akazienholz mit seitlichen Griffvertiefungen LKCBO20022"},"content":{"rendered":"","protected":false},"excerpt":{"rendered":"<h3>Highlights<\/h3>\n<p>Hirnholz, seitliche Griffeinkerbungen<\/p>\n<div class=\"woocommerce-product-details__short-description\">\n<h3>Hauptmerkmale<\/h3>\n<ul>\n<li>Dieses Schneidebrett besteht aus schachbrettartig angeordnetem Akazienholz. Die Oberfl\u00e4che aus Hirnholz gilt als die feinste der drei Holzarten und ist langlebig und schonend f\u00fcr Messer.<\/li>\n<li>Jede Seite verf\u00fcgt \u00fcber einen eingedr\u00fcckten Griff, mit dem Sie dieses schwere Brett m\u00fchelos transportieren k\u00f6nnen.<\/li>\n<li>Akazienholz eignet sich hervorragend als Schneidebrettmaterial, da es eine hervorragende Widerstandsf\u00e4higkeit gegen Verrottung und Kratzer aufweist.<\/li>\n<\/ul>\n<\/div>","protected":false},"featured_media":7409,"template":"","meta":{"inline_featured_image":false},"product_brand":[],"product_cat":[87],"product_tag":[],"class_list":{"0":"post-5219","1":"product","2":"type-product","3":"status-publish","4":"has-post-thumbnail","6":"product_cat-cutting-boards","7":"pa_board-material-acacia","8":"sales-flash-overlay","9":"woocommerce-text-align-left","10":"woocommerce-image-align-center","11":"do-quantity-buttons","12":"wc-has-gallery","14":"first","15":"instock","16":"shipping-taxable","17":"product-type-simple"},"_links":{"self":[{"href":"https:\/\/leeknives.com\/de\/wp-json\/wp\/v2\/product\/5219","targetHints":{"allow":["GET"]}}],"collection":[{"href":"https:\/\/leeknives.com\/de\/wp-json\/wp\/v2\/product"}],"about":[{"href":"https:\/\/leeknives.com\/de\/wp-json\/wp\/v2\/types\/product"}],"wp:featuredmedia":[{"embeddable":true,"href":"https:\/\/leeknives.com\/de\/wp-json\/wp\/v2\/media\/7409"}],"wp:attachment":[{"href":"https:\/\/leeknives.com\/de\/wp-json\/wp\/v2\/media?parent=5219"}],"wp:term":[{"taxonomy":"product_brand","embeddable":true,"href":"https:\/\/leeknives.com\/de\/wp-json\/wp\/v2\/product_brand?post=5219"},{"taxonomy":"product_cat","embeddable":true,"href":"https:\/\/leeknives.com\/de\/wp-json\/wp\/v2\/product_cat?post=5219"},{"taxonomy":"product_tag","embeddable":true,"href":"https:\/\/leeknives.com\/de\/wp-json\/wp\/v2\/product_tag?post=5219"}],"curies":[{"name":"wp","href":"https:\/\/api.w.org\/{rel}","templated":true}]}}