{"id":5222,"date":"2022-08-23T20:22:00","date_gmt":"2022-08-23T12:22:00","guid":{"rendered":"https:\/\/leeknives.com\/?post_type=product&#038;p=5222"},"modified":"2023-12-22T15:14:17","modified_gmt":"2023-12-22T07:14:17","slug":"schneidebrett-lkcbo20023-25","status":"publish","type":"product","link":"https:\/\/leeknives.com\/de\/cutting-board-lkcbo20023-25\/","title":{"rendered":"Rundes Schneidebrett aus Eisenholz mit Hirnholz und Griff LKCBO20023-25"},"content":{"rendered":"","protected":false},"excerpt":{"rendered":"<h3>Highlights<\/h3>\n<p>Wendbar, Hirnholz, Griff.<\/p>\n<h3>Hauptmerkmale<\/h3>\n<ul>\n<li>Ein sperriges, ultradickes Schneidebrett mit runder Form. Dieses Brett kann als Schneidestation f\u00fcr alle Zutaten wie Fleisch, Knochen, Gem\u00fcse und Obst dienen.<\/li>\n<li>Die Eisenholzoberfl\u00e4che weist eine hohe Schnittfestigkeit auf. Die Oberfl\u00e4che bleibt lange glatt, bevor Kratzspuren entstehen.<\/li>\n<li>Das Hirnholz ist eine Pufferschicht f\u00fcr das harte Eisenholz. Es ist empfindlich gegen\u00fcber der Messerschneide, wodurch das Brett langlebig ist, ohne die Messer zu besch\u00e4digen.<\/li>\n<\/ul>","protected":false},"featured_media":7412,"template":"","meta":{"inline_featured_image":false},"product_brand":[],"product_cat":[87],"product_tag":[],"class_list":{"0":"post-5222","1":"product","2":"type-product","3":"status-publish","4":"has-post-thumbnail","6":"product_cat-cutting-boards","7":"pa_board-material-ironwood","8":"sales-flash-overlay","9":"woocommerce-text-align-left","10":"woocommerce-image-align-center","11":"do-quantity-buttons","12":"wc-has-gallery","14":"first","15":"instock","16":"shipping-taxable","17":"product-type-simple"},"_links":{"self":[{"href":"https:\/\/leeknives.com\/de\/wp-json\/wp\/v2\/product\/5222","targetHints":{"allow":["GET"]}}],"collection":[{"href":"https:\/\/leeknives.com\/de\/wp-json\/wp\/v2\/product"}],"about":[{"href":"https:\/\/leeknives.com\/de\/wp-json\/wp\/v2\/types\/product"}],"wp:featuredmedia":[{"embeddable":true,"href":"https:\/\/leeknives.com\/de\/wp-json\/wp\/v2\/media\/7412"}],"wp:attachment":[{"href":"https:\/\/leeknives.com\/de\/wp-json\/wp\/v2\/media?parent=5222"}],"wp:term":[{"taxonomy":"product_brand","embeddable":true,"href":"https:\/\/leeknives.com\/de\/wp-json\/wp\/v2\/product_brand?post=5222"},{"taxonomy":"product_cat","embeddable":true,"href":"https:\/\/leeknives.com\/de\/wp-json\/wp\/v2\/product_cat?post=5222"},{"taxonomy":"product_tag","embeddable":true,"href":"https:\/\/leeknives.com\/de\/wp-json\/wp\/v2\/product_tag?post=5222"}],"curies":[{"name":"wp","href":"https:\/\/api.w.org\/{rel}","templated":true}]}}