{"id":5231,"date":"2022-08-23T20:28:20","date_gmt":"2022-08-23T12:28:20","guid":{"rendered":"https:\/\/leeknives.com\/?post_type=product&#038;p=5231"},"modified":"2023-12-22T15:13:53","modified_gmt":"2023-12-22T07:13:53","slug":"schneidebrett-lkcbo20026-28","status":"publish","type":"product","link":"https:\/\/leeknives.com\/de\/products\/cutting-board-lkcbo20026-28\/","title":{"rendered":"Sapeli-Schneidebrett mit Griff und rutschfesten Unterpolstern LKCBO20026-28"},"content":{"rendered":"","protected":false},"excerpt":{"rendered":"<h3>Highlights<\/h3>\n<p>Wendbar, Griff, abgerundete Ecken, rutschfeste Bodenpolster<\/p>\n<h3>Hauptmerkmale<\/h3>\n<ul>\n<li>Dieses Schneidebrett ist aus Sapeli-Holz mit vertikaler Maserung und gleichm\u00e4\u00dfiger Textur gefertigt. Der gl\u00e4nzende Glanz des Holzes ist einzigartig.<\/li>\n<li>Das Schneidebrett ist beidseitig poliert. Die zweite Seite kann zum Schneiden stark riechender Zutaten verwendet werden, um eine Geschmacks\u00fcberkreuzung zu vermeiden.<\/li>\n<li>Das Brett hat vier leicht abgerundete Ecken, sodass es beim Ansto\u00dfen an harte Gegenst\u00e4nde nicht so leicht bricht.<\/li>\n<\/ul>","protected":false},"featured_media":7416,"template":"","meta":{"inline_featured_image":false},"product_brand":[],"product_cat":[87],"product_tag":[],"class_list":{"0":"post-5231","1":"product","2":"type-product","3":"status-publish","4":"has-post-thumbnail","6":"product_cat-cutting-boards","7":"pa_board-material-sapele","8":"sales-flash-overlay","9":"woocommerce-text-align-left","10":"woocommerce-image-align-center","11":"do-quantity-buttons","12":"wc-has-gallery","14":"first","15":"instock","16":"shipping-taxable","17":"product-type-simple"},"_links":{"self":[{"href":"https:\/\/leeknives.com\/de\/wp-json\/wp\/v2\/product\/5231","targetHints":{"allow":["GET"]}}],"collection":[{"href":"https:\/\/leeknives.com\/de\/wp-json\/wp\/v2\/product"}],"about":[{"href":"https:\/\/leeknives.com\/de\/wp-json\/wp\/v2\/types\/product"}],"wp:featuredmedia":[{"embeddable":true,"href":"https:\/\/leeknives.com\/de\/wp-json\/wp\/v2\/media\/7416"}],"wp:attachment":[{"href":"https:\/\/leeknives.com\/de\/wp-json\/wp\/v2\/media?parent=5231"}],"wp:term":[{"taxonomy":"product_brand","embeddable":true,"href":"https:\/\/leeknives.com\/de\/wp-json\/wp\/v2\/product_brand?post=5231"},{"taxonomy":"product_cat","embeddable":true,"href":"https:\/\/leeknives.com\/de\/wp-json\/wp\/v2\/product_cat?post=5231"},{"taxonomy":"product_tag","embeddable":true,"href":"https:\/\/leeknives.com\/de\/wp-json\/wp\/v2\/product_tag?post=5231"}],"curies":[{"name":"wp","href":"https:\/\/api.w.org\/{rel}","templated":true}]}}