{"id":5237,"date":"2022-08-23T20:31:38","date_gmt":"2022-08-23T12:31:38","guid":{"rendered":"https:\/\/leeknives.com\/?post_type=product&#038;p=5237"},"modified":"2023-12-22T15:13:43","modified_gmt":"2023-12-22T07:13:43","slug":"schneidebrett-lkcbo20031-33","status":"publish","type":"product","link":"https:\/\/leeknives.com\/de\/products\/cutting-board-lkcbo20031-33\/","title":{"rendered":"Sapeli-Schneidebrett mit Griff und rutschfesten Unterpolstern LKCBO20031-33"},"content":{"rendered":"","protected":false},"excerpt":{"rendered":"<h3>Highlights<\/h3>\n<p>Wendbar, Griff, abgerundete Ecken, rutschfeste Bodenpolster<\/p>\n<h3>Hauptmerkmale<\/h3>\n<ul>\n<li>Fachm\u00e4nnisch aus Sapeli-Holz gefertigt. Mit seinem nat\u00fcrlichen Glanz und den selbstheilenden Eigenschaften ist das Holz nicht nur atemberaubend, sondern auch robust und widerstandsf\u00e4higer als andere Materialien.<\/li>\n<li>Der ausgefahrene Metallgriff erleichtert den Transport des Boards erheblich. Sie k\u00f6nnen den Griff auch als Aufh\u00e4ngepunkt an der Wand verwenden.<\/li>\n<li>In verschiedenen Gr\u00f6\u00dfen von klein bis mittel. Von der Gro\u00dfk\u00fcche bis zum Hobbykoch \u2013 das Set passt zu jeder Gelegenheit, bei der eine Schneidefl\u00e4che ben\u00f6tigt wird.<\/li>\n<\/ul>","protected":false},"featured_media":7424,"template":"","meta":{"inline_featured_image":false},"product_brand":[],"product_cat":[87],"product_tag":[],"class_list":{"0":"post-5237","1":"product","2":"type-product","3":"status-publish","4":"has-post-thumbnail","6":"product_cat-cutting-boards","7":"pa_board-material-sapele","8":"sales-flash-overlay","9":"woocommerce-text-align-left","10":"woocommerce-image-align-center","11":"do-quantity-buttons","12":"wc-has-gallery","14":"first","15":"instock","16":"shipping-taxable","17":"product-type-simple"},"_links":{"self":[{"href":"https:\/\/leeknives.com\/de\/wp-json\/wp\/v2\/product\/5237","targetHints":{"allow":["GET"]}}],"collection":[{"href":"https:\/\/leeknives.com\/de\/wp-json\/wp\/v2\/product"}],"about":[{"href":"https:\/\/leeknives.com\/de\/wp-json\/wp\/v2\/types\/product"}],"wp:featuredmedia":[{"embeddable":true,"href":"https:\/\/leeknives.com\/de\/wp-json\/wp\/v2\/media\/7424"}],"wp:attachment":[{"href":"https:\/\/leeknives.com\/de\/wp-json\/wp\/v2\/media?parent=5237"}],"wp:term":[{"taxonomy":"product_brand","embeddable":true,"href":"https:\/\/leeknives.com\/de\/wp-json\/wp\/v2\/product_brand?post=5237"},{"taxonomy":"product_cat","embeddable":true,"href":"https:\/\/leeknives.com\/de\/wp-json\/wp\/v2\/product_cat?post=5237"},{"taxonomy":"product_tag","embeddable":true,"href":"https:\/\/leeknives.com\/de\/wp-json\/wp\/v2\/product_tag?post=5237"}],"curies":[{"name":"wp","href":"https:\/\/api.w.org\/{rel}","templated":true}]}}