{"id":5242,"date":"2022-08-23T20:33:51","date_gmt":"2022-08-23T12:33:51","guid":{"rendered":"https:\/\/leeknives.com\/?post_type=product&#038;p=5242"},"modified":"2023-12-22T15:13:34","modified_gmt":"2023-12-22T07:13:34","slug":"schneidebrett-lkcbo20034-36","status":"publish","type":"product","link":"https:\/\/leeknives.com\/de\/products\/cutting-board-lkcbo20034-36\/","title":{"rendered":"Sapeli-Schneidebrett mit Saftrille und Griff LKCBO20034-36"},"content":{"rendered":"","protected":false},"excerpt":{"rendered":"<h3>Highlights<\/h3>\n<p>Saftrille, Griff, abgerundete Ecken, rutschfeste Bodenpolster<\/p>\n<h3>Hauptmerkmale<\/h3>\n<ul>\n<li>Schneidebrett aus Sapeli-Holz in verf\u00fchrerischer rotbrauner Farbe. Das Holz hat eine gl\u00e4nzende Oberfl\u00e4che mit gleichm\u00e4\u00dfiger Maserung, die jahrelang h\u00e4lt.<\/li>\n<li>Sorgen Sie mit der rutschfesten Unterlage unter dem Schneidebrett f\u00fcr einen stabilen Schneideplatz.<\/li>\n<li>Entwickelt, um jedem Koch die Essenszubereitung zu erleichtern: Saftrille zum Aufnehmen von Fl\u00fcssigkeiten und abgerundete Ecken aus Sicherheitsgr\u00fcnden.<\/li>\n<\/ul>","protected":false},"featured_media":7427,"template":"","meta":{"inline_featured_image":false},"product_brand":[],"product_cat":[87],"product_tag":[],"class_list":{"0":"post-5242","1":"product","2":"type-product","3":"status-publish","4":"has-post-thumbnail","6":"product_cat-cutting-boards","7":"pa_board-material-sapele","8":"sales-flash-overlay","9":"woocommerce-text-align-left","10":"woocommerce-image-align-center","11":"do-quantity-buttons","12":"wc-has-gallery","14":"first","15":"instock","16":"shipping-taxable","17":"product-type-simple"},"_links":{"self":[{"href":"https:\/\/leeknives.com\/de\/wp-json\/wp\/v2\/product\/5242","targetHints":{"allow":["GET"]}}],"collection":[{"href":"https:\/\/leeknives.com\/de\/wp-json\/wp\/v2\/product"}],"about":[{"href":"https:\/\/leeknives.com\/de\/wp-json\/wp\/v2\/types\/product"}],"wp:featuredmedia":[{"embeddable":true,"href":"https:\/\/leeknives.com\/de\/wp-json\/wp\/v2\/media\/7427"}],"wp:attachment":[{"href":"https:\/\/leeknives.com\/de\/wp-json\/wp\/v2\/media?parent=5242"}],"wp:term":[{"taxonomy":"product_brand","embeddable":true,"href":"https:\/\/leeknives.com\/de\/wp-json\/wp\/v2\/product_brand?post=5242"},{"taxonomy":"product_cat","embeddable":true,"href":"https:\/\/leeknives.com\/de\/wp-json\/wp\/v2\/product_cat?post=5242"},{"taxonomy":"product_tag","embeddable":true,"href":"https:\/\/leeknives.com\/de\/wp-json\/wp\/v2\/product_tag?post=5242"}],"curies":[{"name":"wp","href":"https:\/\/api.w.org\/{rel}","templated":true}]}}