{"id":5247,"date":"2022-08-23T20:37:56","date_gmt":"2022-08-23T12:37:56","guid":{"rendered":"https:\/\/leeknives.com\/?post_type=product&#038;p=5247"},"modified":"2023-12-22T15:13:25","modified_gmt":"2023-12-22T07:13:25","slug":"schneidebrett-lkcbo20037","status":"publish","type":"product","link":"https:\/\/leeknives.com\/de\/cutting-board-lkcbo20037\/","title":{"rendered":"2-in-1-Schneidebrett aus Akazie mit Griff und Saftrille LKCBO20037"},"content":{"rendered":"","protected":false},"excerpt":{"rendered":"<h3>Highlights<\/h3>\n<p>Wendbar, Multifunktional, Griff, Saftrille, Integrierte F\u00e4cher<\/p>\n<h3>Hauptmerkmale<\/h3>\n<ul>\n<li>Wendbares Schneidebrett aus Akazienholz. Akazienholz wird f\u00fcr langlebige Produkte verwendet. Es ist langlebig, schont Messer und ist \u00e4u\u00dferst widerstandsf\u00e4hig gegen Wasser und Kratzer.<\/li>\n<li>Die eingekerbte Linie auf beiden Seiten des Schneidebretts dient als Rinne zum Auffangen von Fl\u00fcssigkeiten aus So\u00dfe und Bratensaft.<\/li>\n<li>Drei integrierte F\u00e4cher zur vor\u00fcbergehenden Aufbewahrung geschnittener Zutaten. So bleibt Platz auf der Arbeitsfl\u00e4che f\u00fcr andere K\u00fcchenutensilien.<\/li>\n<\/ul>","protected":false},"featured_media":7431,"template":"","meta":{"inline_featured_image":false},"product_brand":[],"product_cat":[87],"product_tag":[],"class_list":{"0":"post-5247","1":"product","2":"type-product","3":"status-publish","4":"has-post-thumbnail","6":"product_cat-cutting-boards","7":"pa_board-material-acacia","8":"sales-flash-overlay","9":"woocommerce-text-align-left","10":"woocommerce-image-align-center","11":"do-quantity-buttons","12":"wc-has-gallery","14":"first","15":"instock","16":"shipping-taxable","17":"product-type-simple"},"_links":{"self":[{"href":"https:\/\/leeknives.com\/de\/wp-json\/wp\/v2\/product\/5247","targetHints":{"allow":["GET"]}}],"collection":[{"href":"https:\/\/leeknives.com\/de\/wp-json\/wp\/v2\/product"}],"about":[{"href":"https:\/\/leeknives.com\/de\/wp-json\/wp\/v2\/types\/product"}],"wp:featuredmedia":[{"embeddable":true,"href":"https:\/\/leeknives.com\/de\/wp-json\/wp\/v2\/media\/7431"}],"wp:attachment":[{"href":"https:\/\/leeknives.com\/de\/wp-json\/wp\/v2\/media?parent=5247"}],"wp:term":[{"taxonomy":"product_brand","embeddable":true,"href":"https:\/\/leeknives.com\/de\/wp-json\/wp\/v2\/product_brand?post=5247"},{"taxonomy":"product_cat","embeddable":true,"href":"https:\/\/leeknives.com\/de\/wp-json\/wp\/v2\/product_cat?post=5247"},{"taxonomy":"product_tag","embeddable":true,"href":"https:\/\/leeknives.com\/de\/wp-json\/wp\/v2\/product_tag?post=5247"}],"curies":[{"name":"wp","href":"https:\/\/api.w.org\/{rel}","templated":true}]}}