{"id":5258,"date":"2022-08-24T17:44:04","date_gmt":"2022-08-24T09:44:04","guid":{"rendered":"https:\/\/leeknives.com\/?post_type=product&#038;p=5258"},"modified":"2023-12-22T15:13:15","modified_gmt":"2023-12-22T07:13:15","slug":"wurstbrett-lkchb20001","status":"publish","type":"product","link":"https:\/\/leeknives.com\/de\/products\/charcuterie-board-lkchb20001\/","title":{"rendered":"Wurstbrett aus Marmor und Akazie mit Griff LKCHB20001"},"content":{"rendered":"","protected":false},"excerpt":{"rendered":"<h3>Highlights<\/h3>\n<p>Griff, Aufh\u00e4ngeloch<\/p>\n<h3>Hauptmerkmale<\/h3>\n<ul>\n<li>Hergestellt aus dunklem Marmor mit au\u00dfergew\u00f6hnlichen Wellenmustern. In der Mitte befindet sich hochwertiges Akazienholz, das eine nat\u00fcrliche Ausstrahlung ausstrahlt.<\/li>\n<li>Mit einer L\u00e4nge von 16 Zoll und einer Breite von 9 Zoll eignet sich das Wurstbrett hervorragend zum Pr\u00e4sentieren von Wein, Snacks oder sogar Pizza.<\/li>\n<li>Gebohrter Griff f\u00fcr einfachen Transport und sorgenfreie Aufbewahrung an der Wand. Es ist auch eine ausgezeichnete Dekorationswahl!<\/li>\n<\/ul>","protected":false},"featured_media":7447,"template":"","meta":{"inline_featured_image":false},"product_brand":[],"product_cat":[112],"product_tag":[],"class_list":{"0":"post-5258","1":"product","2":"type-product","3":"status-publish","4":"has-post-thumbnail","6":"product_cat-charcuterie-boards","7":"pa_board-material-acacia","8":"pa_board-material-marble","9":"sales-flash-overlay","10":"woocommerce-text-align-left","11":"woocommerce-image-align-center","12":"do-quantity-buttons","13":"wc-has-gallery","15":"first","16":"instock","17":"shipping-taxable","18":"product-type-simple"},"_links":{"self":[{"href":"https:\/\/leeknives.com\/de\/wp-json\/wp\/v2\/product\/5258","targetHints":{"allow":["GET"]}}],"collection":[{"href":"https:\/\/leeknives.com\/de\/wp-json\/wp\/v2\/product"}],"about":[{"href":"https:\/\/leeknives.com\/de\/wp-json\/wp\/v2\/types\/product"}],"wp:featuredmedia":[{"embeddable":true,"href":"https:\/\/leeknives.com\/de\/wp-json\/wp\/v2\/media\/7447"}],"wp:attachment":[{"href":"https:\/\/leeknives.com\/de\/wp-json\/wp\/v2\/media?parent=5258"}],"wp:term":[{"taxonomy":"product_brand","embeddable":true,"href":"https:\/\/leeknives.com\/de\/wp-json\/wp\/v2\/product_brand?post=5258"},{"taxonomy":"product_cat","embeddable":true,"href":"https:\/\/leeknives.com\/de\/wp-json\/wp\/v2\/product_cat?post=5258"},{"taxonomy":"product_tag","embeddable":true,"href":"https:\/\/leeknives.com\/de\/wp-json\/wp\/v2\/product_tag?post=5258"}],"curies":[{"name":"wp","href":"https:\/\/api.w.org\/{rel}","templated":true}]}}