{"id":5261,"date":"2022-08-24T17:47:56","date_gmt":"2022-08-24T09:47:56","guid":{"rendered":"https:\/\/leeknives.com\/?post_type=product&#038;p=5261"},"modified":"2023-12-22T15:13:06","modified_gmt":"2023-12-22T07:13:06","slug":"wurstbrett-lkchb20002","status":"publish","type":"product","link":"https:\/\/leeknives.com\/de\/charcuterie-board-lkchb20002\/","title":{"rendered":"Wurstbrett aus Marmor und Akazie mit Griff LKCHB20002"},"content":{"rendered":"","protected":false},"excerpt":{"rendered":"<h3>Highlights<\/h3>\n<p>Griff, Aufh\u00e4ngeloch<\/p>\n<h3>Hauptmerkmale<\/h3>\n<ul>\n<li>Marmor und Akazienholz vereinen Robustheit und Haltbarkeit in sich. Ein goldenes Paar f\u00fcr Wurstplatten.<\/li>\n<li>Dieses 34,5 cm lange Wurstbrett eignet sich zum Servieren von Snacks, S\u00fc\u00dfigkeiten, Crackern und K\u00e4se. Das \u00e4sthetische Design macht das Essen noch k\u00f6stlicher.<\/li>\n<li>Haben Sie Probleme, alle K\u00fcchenutensilien zu organisieren? Der Ausschnitt am Griff dieses Bretts kann zum kinderleichten Aufh\u00e4ngen an der Wand genutzt werden.<\/li>\n<\/ul>","protected":false},"featured_media":7449,"template":"","meta":{"inline_featured_image":false},"product_brand":[],"product_cat":[112],"product_tag":[],"class_list":{"0":"post-5261","1":"product","2":"type-product","3":"status-publish","4":"has-post-thumbnail","6":"product_cat-charcuterie-boards","7":"pa_board-material-acacia","8":"pa_board-material-marble","9":"sales-flash-overlay","10":"woocommerce-text-align-left","11":"woocommerce-image-align-center","12":"do-quantity-buttons","13":"wc-has-gallery","15":"first","16":"instock","17":"shipping-taxable","18":"product-type-simple"},"_links":{"self":[{"href":"https:\/\/leeknives.com\/de\/wp-json\/wp\/v2\/product\/5261","targetHints":{"allow":["GET"]}}],"collection":[{"href":"https:\/\/leeknives.com\/de\/wp-json\/wp\/v2\/product"}],"about":[{"href":"https:\/\/leeknives.com\/de\/wp-json\/wp\/v2\/types\/product"}],"wp:featuredmedia":[{"embeddable":true,"href":"https:\/\/leeknives.com\/de\/wp-json\/wp\/v2\/media\/7449"}],"wp:attachment":[{"href":"https:\/\/leeknives.com\/de\/wp-json\/wp\/v2\/media?parent=5261"}],"wp:term":[{"taxonomy":"product_brand","embeddable":true,"href":"https:\/\/leeknives.com\/de\/wp-json\/wp\/v2\/product_brand?post=5261"},{"taxonomy":"product_cat","embeddable":true,"href":"https:\/\/leeknives.com\/de\/wp-json\/wp\/v2\/product_cat?post=5261"},{"taxonomy":"product_tag","embeddable":true,"href":"https:\/\/leeknives.com\/de\/wp-json\/wp\/v2\/product_tag?post=5261"}],"curies":[{"name":"wp","href":"https:\/\/api.w.org\/{rel}","templated":true}]}}