{"id":5264,"date":"2022-08-24T17:50:22","date_gmt":"2022-08-24T09:50:22","guid":{"rendered":"https:\/\/leeknives.com\/?post_type=product&#038;p=5264"},"modified":"2023-12-22T15:12:57","modified_gmt":"2023-12-22T07:12:57","slug":"wurstbrett-lkchb20003","status":"publish","type":"product","link":"https:\/\/leeknives.com\/de\/charcuterie-board-lkchb20003\/","title":{"rendered":"Rundes Wurstbrett aus Marmor und Akazie mit Ausschnitt LKCHB20003"},"content":{"rendered":"","protected":false},"excerpt":{"rendered":"<h3>Highlights<\/h3>\n<p>Ausgeschnitten<\/p>\n<h3>Hauptmerkmale<\/h3>\n<ul>\n<li>Dieses runde 12-Zoll-Brett ist aus Akazienholz gefertigt. Mit einer hervorstehenden Marmorecke, die an Pac-Man erinnert.<\/li>\n<li>Akazie ist m\u00f6glicherweise das luxuri\u00f6seste Holz und wird aufgrund seiner Haltbarkeit und seines Glanzes h\u00e4ufig f\u00fcr hochwertige M\u00f6bel und K\u00fcchenutensilien ausgew\u00e4hlt.<\/li>\n<li>Befestigen Sie dieses Brett an einer Wand mit dem ausgeschnittenen Aufh\u00e4ngeloch an der Marmorecke.<\/li>\n<\/ul>","protected":false},"featured_media":7450,"template":"","meta":{"inline_featured_image":false},"product_brand":[],"product_cat":[112],"product_tag":[],"class_list":{"0":"post-5264","1":"product","2":"type-product","3":"status-publish","4":"has-post-thumbnail","6":"product_cat-charcuterie-boards","7":"pa_board-material-acacia","8":"pa_board-material-marble","9":"sales-flash-overlay","10":"woocommerce-text-align-left","11":"woocommerce-image-align-center","12":"do-quantity-buttons","14":"first","15":"instock","16":"shipping-taxable","17":"product-type-simple"},"_links":{"self":[{"href":"https:\/\/leeknives.com\/de\/wp-json\/wp\/v2\/product\/5264","targetHints":{"allow":["GET"]}}],"collection":[{"href":"https:\/\/leeknives.com\/de\/wp-json\/wp\/v2\/product"}],"about":[{"href":"https:\/\/leeknives.com\/de\/wp-json\/wp\/v2\/types\/product"}],"wp:featuredmedia":[{"embeddable":true,"href":"https:\/\/leeknives.com\/de\/wp-json\/wp\/v2\/media\/7450"}],"wp:attachment":[{"href":"https:\/\/leeknives.com\/de\/wp-json\/wp\/v2\/media?parent=5264"}],"wp:term":[{"taxonomy":"product_brand","embeddable":true,"href":"https:\/\/leeknives.com\/de\/wp-json\/wp\/v2\/product_brand?post=5264"},{"taxonomy":"product_cat","embeddable":true,"href":"https:\/\/leeknives.com\/de\/wp-json\/wp\/v2\/product_cat?post=5264"},{"taxonomy":"product_tag","embeddable":true,"href":"https:\/\/leeknives.com\/de\/wp-json\/wp\/v2\/product_tag?post=5264"}],"curies":[{"name":"wp","href":"https:\/\/api.w.org\/{rel}","templated":true}]}}