{"id":5266,"date":"2022-08-24T17:52:45","date_gmt":"2022-08-24T09:52:45","guid":{"rendered":"https:\/\/leeknives.com\/?post_type=product&#038;p=5266"},"modified":"2023-12-22T15:12:47","modified_gmt":"2023-12-22T07:12:47","slug":"wurstbrett-lkchb20004","status":"publish","type":"product","link":"https:\/\/leeknives.com\/de\/charcuterie-board-lkchb20004\/","title":{"rendered":"Rundes Akazien-Wurstbrett mit Schnittrillen und Griff LKCHB20004"},"content":{"rendered":"","protected":false},"excerpt":{"rendered":"<h3>Highlights<\/h3>\n<p>Schneiderillen, Wendbar, Griff, Aufh\u00e4ngeloch<\/p>\n<div class=\"woocommerce-product-details__short-description\">\n<h3>Hauptmerkmale<\/h3>\n<ul>\n<li>Ein klassisches Pizza-Servierbrett mit Rillen zum Schneiden von Pizzast\u00fccken. Aber es gibt noch einen Clou! Drehen Sie es um und Sie erhalten ein perfekt funktionierendes Wurstbrett f\u00fcr Feinkost und Snacks.<\/li>\n<li>Hergestellt aus Akazienholz: widersteht Wasser und Hitze wie ein Stern, ist robust und hat selbstheilende antibakterielle Eigenschaften.<\/li>\n<li>Tragbar, einfach zu organisieren mit dem Aufh\u00e4ngeloch. Diese Designs sind ausschlie\u00dflich f\u00fcr K\u00f6che gedacht, die nach problemlosen Produkten suchen.<\/li>\n<\/ul>\n<\/div>","protected":false},"featured_media":7451,"template":"","meta":{"inline_featured_image":false},"product_brand":[],"product_cat":[112],"product_tag":[],"class_list":{"0":"post-5266","1":"product","2":"type-product","3":"status-publish","4":"has-post-thumbnail","6":"product_cat-charcuterie-boards","7":"pa_board-material-acacia","8":"sales-flash-overlay","9":"woocommerce-text-align-left","10":"woocommerce-image-align-center","11":"do-quantity-buttons","12":"wc-has-gallery","14":"first","15":"instock","16":"shipping-taxable","17":"product-type-simple"},"_links":{"self":[{"href":"https:\/\/leeknives.com\/de\/wp-json\/wp\/v2\/product\/5266","targetHints":{"allow":["GET"]}}],"collection":[{"href":"https:\/\/leeknives.com\/de\/wp-json\/wp\/v2\/product"}],"about":[{"href":"https:\/\/leeknives.com\/de\/wp-json\/wp\/v2\/types\/product"}],"wp:featuredmedia":[{"embeddable":true,"href":"https:\/\/leeknives.com\/de\/wp-json\/wp\/v2\/media\/7451"}],"wp:attachment":[{"href":"https:\/\/leeknives.com\/de\/wp-json\/wp\/v2\/media?parent=5266"}],"wp:term":[{"taxonomy":"product_brand","embeddable":true,"href":"https:\/\/leeknives.com\/de\/wp-json\/wp\/v2\/product_brand?post=5266"},{"taxonomy":"product_cat","embeddable":true,"href":"https:\/\/leeknives.com\/de\/wp-json\/wp\/v2\/product_cat?post=5266"},{"taxonomy":"product_tag","embeddable":true,"href":"https:\/\/leeknives.com\/de\/wp-json\/wp\/v2\/product_tag?post=5266"}],"curies":[{"name":"wp","href":"https:\/\/api.w.org\/{rel}","templated":true}]}}