{"id":5270,"date":"2022-08-24T17:54:20","date_gmt":"2022-08-24T09:54:20","guid":{"rendered":"https:\/\/leeknives.com\/?post_type=product&#038;p=5270"},"modified":"2023-12-22T15:12:38","modified_gmt":"2023-12-22T07:12:38","slug":"wurstplatte-lkchb20005","status":"publish","type":"product","link":"https:\/\/leeknives.com\/de\/products\/charcuterie-board-lkchb20005\/","title":{"rendered":"Rundes Wurstbrett aus Marmor und Akazie mit Griff LKCHB20005"},"content":{"rendered":"","protected":false},"excerpt":{"rendered":"<h3>Highlights<\/h3>\n<p>Griff, Aufh\u00e4ngeloch<\/p>\n<h3>Hauptmerkmale<\/h3>\n<ul>\n<li>Das runde K\u00e4sebrett wurde aus Akazienholz gefertigt und in der Mitte mit Marmor versehen, der dem Design einen zeitgen\u00f6ssischen Stil verleiht.<\/li>\n<li>Der Marmorgriff ist au\u00dferdem ein praktisches Feature f\u00fcr den einfachen Transport von Speisen. Die Aussparung in der Mitte dient als Aufh\u00e4ngepunkt.<\/li>\n<li>Akazienholz ist an sich ein hartes Material, in Verbindung mit poliertem, dichtem Marmor ist eine Verformung nahezu unm\u00f6glich.<\/li>\n<\/ul>","protected":false},"featured_media":7454,"template":"","meta":{"inline_featured_image":false},"product_brand":[],"product_cat":[112],"product_tag":[],"class_list":{"0":"post-5270","1":"product","2":"type-product","3":"status-publish","4":"has-post-thumbnail","6":"product_cat-charcuterie-boards","7":"pa_board-material-acacia","8":"pa_board-material-marble","9":"sales-flash-overlay","10":"woocommerce-text-align-left","11":"woocommerce-image-align-center","12":"do-quantity-buttons","14":"first","15":"instock","16":"shipping-taxable","17":"product-type-simple"},"_links":{"self":[{"href":"https:\/\/leeknives.com\/de\/wp-json\/wp\/v2\/product\/5270","targetHints":{"allow":["GET"]}}],"collection":[{"href":"https:\/\/leeknives.com\/de\/wp-json\/wp\/v2\/product"}],"about":[{"href":"https:\/\/leeknives.com\/de\/wp-json\/wp\/v2\/types\/product"}],"wp:featuredmedia":[{"embeddable":true,"href":"https:\/\/leeknives.com\/de\/wp-json\/wp\/v2\/media\/7454"}],"wp:attachment":[{"href":"https:\/\/leeknives.com\/de\/wp-json\/wp\/v2\/media?parent=5270"}],"wp:term":[{"taxonomy":"product_brand","embeddable":true,"href":"https:\/\/leeknives.com\/de\/wp-json\/wp\/v2\/product_brand?post=5270"},{"taxonomy":"product_cat","embeddable":true,"href":"https:\/\/leeknives.com\/de\/wp-json\/wp\/v2\/product_cat?post=5270"},{"taxonomy":"product_tag","embeddable":true,"href":"https:\/\/leeknives.com\/de\/wp-json\/wp\/v2\/product_tag?post=5270"}],"curies":[{"name":"wp","href":"https:\/\/api.w.org\/{rel}","templated":true}]}}