{"id":5272,"date":"2022-08-24T18:02:31","date_gmt":"2022-08-24T10:02:31","guid":{"rendered":"https:\/\/leeknives.com\/?post_type=product&#038;p=5272"},"modified":"2023-12-22T15:12:30","modified_gmt":"2023-12-22T07:12:30","slug":"wurstbrett-lkchb20006","status":"publish","type":"product","link":"https:\/\/leeknives.com\/de\/products\/charcuterie-board-lkchb20006\/","title":{"rendered":"Ovales Akazien-Wurstbrett mit geriffeltem Rand LKCHB20006"},"content":{"rendered":"","protected":false},"excerpt":{"rendered":"<h3>Highlights<\/h3>\n<p>Geriffelte Kante<\/p>\n<h3>Hauptmerkmale<\/h3>\n<ul>\n<li>Die einzigartige Birnenform aus Akazienholz sorgt mit ihrer vertikalen Maserung f\u00fcr eine \u00e4sthetische Oberfl\u00e4che, die mit Sicherheit das Highlight jedes Tisches sein wird.<\/li>\n<li>Versch\u00f6nern Sie Ihre Mahlzeit mit diesem Serviertablett! Von Brot bis Wurstwaren eignet sich das Brett zum Pr\u00e4sentieren aller Arten von Gerichten.<\/li>\n<li>Der geriffelte Rand wurde entwickelt, um \u00fcbersch\u00fcssigen Saft und Fl\u00fcssigkeiten aufzufangen. Nach einer Portion gen\u00fcgt ein einfaches Waschen und Absp\u00fclen.<\/li>\n<\/ul>","protected":false},"featured_media":7455,"template":"","meta":{"inline_featured_image":false},"product_brand":[],"product_cat":[112],"product_tag":[],"class_list":{"0":"post-5272","1":"product","2":"type-product","3":"status-publish","4":"has-post-thumbnail","6":"product_cat-charcuterie-boards","7":"pa_board-material-acacia","8":"sales-flash-overlay","9":"woocommerce-text-align-left","10":"woocommerce-image-align-center","11":"do-quantity-buttons","12":"wc-has-gallery","14":"first","15":"instock","16":"shipping-taxable","17":"product-type-simple"},"_links":{"self":[{"href":"https:\/\/leeknives.com\/de\/wp-json\/wp\/v2\/product\/5272","targetHints":{"allow":["GET"]}}],"collection":[{"href":"https:\/\/leeknives.com\/de\/wp-json\/wp\/v2\/product"}],"about":[{"href":"https:\/\/leeknives.com\/de\/wp-json\/wp\/v2\/types\/product"}],"wp:featuredmedia":[{"embeddable":true,"href":"https:\/\/leeknives.com\/de\/wp-json\/wp\/v2\/media\/7455"}],"wp:attachment":[{"href":"https:\/\/leeknives.com\/de\/wp-json\/wp\/v2\/media?parent=5272"}],"wp:term":[{"taxonomy":"product_brand","embeddable":true,"href":"https:\/\/leeknives.com\/de\/wp-json\/wp\/v2\/product_brand?post=5272"},{"taxonomy":"product_cat","embeddable":true,"href":"https:\/\/leeknives.com\/de\/wp-json\/wp\/v2\/product_cat?post=5272"},{"taxonomy":"product_tag","embeddable":true,"href":"https:\/\/leeknives.com\/de\/wp-json\/wp\/v2\/product_tag?post=5272"}],"curies":[{"name":"wp","href":"https:\/\/api.w.org\/{rel}","templated":true}]}}