{"id":5275,"date":"2022-08-24T18:29:26","date_gmt":"2022-08-24T10:29:26","guid":{"rendered":"https:\/\/leeknives.com\/?post_type=product&#038;p=5275"},"modified":"2023-12-22T15:12:21","modified_gmt":"2023-12-22T07:12:21","slug":"wurstbrett-lkchb20007","status":"publish","type":"product","link":"https:\/\/leeknives.com\/de\/charcuterie-board-lkchb20007\/","title":{"rendered":"Rundes Wurstbrett aus Akazienholz mit integrierten F\u00e4chern LKCHB20007"},"content":{"rendered":"","protected":false},"excerpt":{"rendered":"<h3>Highlights<\/h3>\n<p>Eingebaute F\u00e4cher<\/p>\n<h3>Hauptmerkmale<\/h3>\n<ul>\n<li>Es handelt sich um ein sperriges Wurstbrett mit einer Gr\u00f6\u00dfe von 13 Zoll. Es bietet Platz f\u00fcr eine gro\u00dfe Menge an Lebensmitteln, darunter Wurstwaren, K\u00e4se und Cracker.<\/li>\n<li>Drei ist ein Gl\u00fcck! Die integrierten F\u00e4cher erm\u00f6glichen es Ihnen, verschiedene Geschmackskombinationen zu trennen.<\/li>\n<li>Hergestellt aus Akazienholz: ein extrem langlebiges Material, ideal f\u00fcr K\u00fcchenutensilien.<\/li>\n<\/ul>","protected":false},"featured_media":7457,"template":"","meta":{"inline_featured_image":false},"product_brand":[],"product_cat":[112],"product_tag":[],"class_list":{"0":"post-5275","1":"product","2":"type-product","3":"status-publish","4":"has-post-thumbnail","6":"product_cat-charcuterie-boards","7":"pa_board-material-acacia","8":"sales-flash-overlay","9":"woocommerce-text-align-left","10":"woocommerce-image-align-center","11":"do-quantity-buttons","12":"wc-has-gallery","14":"first","15":"instock","16":"shipping-taxable","17":"product-type-simple"},"_links":{"self":[{"href":"https:\/\/leeknives.com\/de\/wp-json\/wp\/v2\/product\/5275","targetHints":{"allow":["GET"]}}],"collection":[{"href":"https:\/\/leeknives.com\/de\/wp-json\/wp\/v2\/product"}],"about":[{"href":"https:\/\/leeknives.com\/de\/wp-json\/wp\/v2\/types\/product"}],"wp:featuredmedia":[{"embeddable":true,"href":"https:\/\/leeknives.com\/de\/wp-json\/wp\/v2\/media\/7457"}],"wp:attachment":[{"href":"https:\/\/leeknives.com\/de\/wp-json\/wp\/v2\/media?parent=5275"}],"wp:term":[{"taxonomy":"product_brand","embeddable":true,"href":"https:\/\/leeknives.com\/de\/wp-json\/wp\/v2\/product_brand?post=5275"},{"taxonomy":"product_cat","embeddable":true,"href":"https:\/\/leeknives.com\/de\/wp-json\/wp\/v2\/product_cat?post=5275"},{"taxonomy":"product_tag","embeddable":true,"href":"https:\/\/leeknives.com\/de\/wp-json\/wp\/v2\/product_tag?post=5275"}],"curies":[{"name":"wp","href":"https:\/\/api.w.org\/{rel}","templated":true}]}}